{"id":1082,"date":"2025-06-25T13:45:55","date_gmt":"2025-06-25T06:45:55","guid":{"rendered":"https:\/\/sss.edu.vn\/home\/?page_id=1082"},"modified":"2025-06-25T13:49:34","modified_gmt":"2025-06-25T06:49:34","slug":"bui-quang-dai-nguoi-dong-sang-lap-am-tham-nhung-khong-the-thieu","status":"publish","type":"page","link":"https:\/\/sss.edu.vn\/home\/bui-quang-dai-nguoi-dong-sang-lap-am-tham-nhung-khong-the-thieu","title":{"rendered":"\ud83e\udd1d B\u00f9i Quang \u0110\u1ea1i \u2013 Ng\u01b0\u1eddi \u0110\u1ed3ng S\u00e1ng L\u1eadp \u00c2m Th\u1ea7m Nh\u01b0ng Kh\u00f4ng Th\u1ec3 Thi\u1ebfu"},"content":{"rendered":"<p data-start=\"338\" data-end=\"713\">Trong b\u1ea5t k\u1ef3 h\u00e0nh tr\u00ecnh l\u1edbn n\u00e0o, lu\u00f4n c\u00f3 nh\u1eefng ng\u01b0\u1eddi \u00e2m th\u1ea7m \u0111\u1ed3ng h\u00e0nh t\u1eeb nh\u1eefng b\u01b0\u1edbc \u0111i \u0111\u1ea7u ti\u00ean. V\u1edbi Sunshine, <strong data-start=\"450\" data-end=\"471\">anh B\u00f9i Quang \u0110\u1ea1i<\/strong> ch\u00ednh l\u00e0 m\u1ed9t trong nh\u1eefng ng\u01b0\u1eddi nh\u01b0 th\u1ebf \u2013 ng\u01b0\u1eddi b\u1ea1n \u0111\u1ed3ng s\u00e1ng l\u1eadp <strong data-start=\"537\" data-end=\"567\">t\u1eeb th\u1eddi h\u1ecdc sinh ph\u1ed5 th\u00f4ng<\/strong>, ng\u01b0\u1eddi k\u1ef9 s\u01b0 t\u00e0i ch\u00ednh &amp; c\u00f4ng ngh\u1ec7 \u0111i\u1ec1m \u0111\u1ea1m v\u00e0 &#8220;chu\u1ea9n x\u00e1c&#8221;, ng\u01b0\u1eddi \u201ck\u1ef9 thu\u1eadt vi\u00ean th\u1ea7m l\u1eb7ng\u201d nh\u01b0ng c\u00f3 \u1ea3nh h\u01b0\u1edfng l\u1edbn \u0111\u1ebfn n\u1ec1n t\u1ea3ng ho\u1ea1t \u0111\u1ed9ng c\u1ee7a Sunshine trong su\u1ed1t 8 n\u0103m qua.<\/p>\n<p data-start=\"338\" data-end=\"713\"><img loading=\"lazy\" decoding=\"async\" class=\"wp-image-1083 aligncenter size-large\" src=\"https:\/\/sss.edu.vn\/home\/wp-content\/uploads\/2025\/06\/image-9.png\" alt=\"\" width=\"1024\" height=\"872\" srcset=\"https:\/\/sss.edu.vn\/home\/wp-content\/uploads\/2025\/06\/image-9.png 1622w, https:\/\/sss.edu.vn\/home\/wp-content\/uploads\/2025\/06\/image-9-300x256.png 300w, https:\/\/sss.edu.vn\/home\/wp-content\/uploads\/2025\/06\/image-9-1024x872.png 1024w, https:\/\/sss.edu.vn\/home\/wp-content\/uploads\/2025\/06\/image-9-768x654.png 768w, https:\/\/sss.edu.vn\/home\/wp-content\/uploads\/2025\/06\/image-9-1536x1309.png 1536w\" sizes=\"auto, (max-width: 1024px) 100vw, 1024px\" \/><\/p>\n<hr data-start=\"715\" data-end=\"718\" \/>\n<h2 data-start=\"720\" data-end=\"784\"><\/h2>\n<h2 data-start=\"720\" data-end=\"784\">\ud83c\udf93 Chuy\u00ean gia T\u00e0i ch\u00ednh \u2013 Ng\u01b0\u1eddi l\u00e0m IT v\u00ec \u0111am m\u00ea v\u00e0 gi\u1ea3i ph\u00e1p<\/h2>\n<p data-start=\"786\" data-end=\"1061\">T\u1ed1t nghi\u1ec7p <strong data-start=\"797\" data-end=\"819\">H\u1ecdc vi\u1ec7n T\u00e0i ch\u00ednh<\/strong>, anh \u0110\u1ea1i l\u00e0 m\u1ed9t <strong data-start=\"836\" data-end=\"952\">chuy\u00ean gia trong l\u0129nh v\u1ef1c c\u00f4ng ngh\u1ec7 th\u00f4ng tin, gi\u1ea3i ph\u00e1p ph\u1ea7n m\u1ec1m v\u00e0 \u1ee9ng d\u1ee5ng CNTT v\u00e0o c\u00e1c b\u00e0i to\u00e1n doanh nghi\u1ec7p<\/strong>, \u0111\u1eb7c bi\u1ec7t trong m\u1ea3ng doanh nghi\u1ec7p v\u1eeba v\u00e0 nh\u1ecf \u2013 n\u01a1i m\u00e0 hi\u1ec7u qu\u1ea3, \u0111\u01a1n gi\u1ea3n, v\u00e0 tinh g\u1ecdn l\u00e0 ch\u00eca kh\u00f3a s\u1ed1ng c\u00f2n.<\/p>\n<p data-start=\"1063\" data-end=\"1205\">Anh kh\u00f4ng ph\u1ea3i l\u00e0 ng\u01b0\u1eddi th\u00edch n\u00f3i nhi\u1ec1u, nh\u01b0ng l\u00e0 ng\u01b0\u1eddi c\u00f3 th\u1ec3 \u201cgi\u1ea3i m\u00e3\u201d c\u00e1c b\u00e0i to\u00e1n ph\u1ee9c t\u1ea1p b\u1eb1ng gi\u1ea3i ph\u00e1p th\u1ef1c t\u1ebf, nhanh g\u1ecdn v\u00e0 chu\u1ea9n x\u00e1c.<\/p>\n<hr data-start=\"1207\" data-end=\"1210\" \/>\n<h2 data-start=\"1212\" data-end=\"1267\"><\/h2>\n<h2 data-start=\"1212\" data-end=\"1267\">\ud83d\udee0\ufe0f Nh\u00f3m SUNSHINE \u2013 Ti\u1ec1n th\u00e2n c\u1ee7a m\u1ed9t h\u00e0nh tr\u00ecnh d\u00e0i<\/h2>\n<p data-start=\"1269\" data-end=\"1374\">\u00cdt ai bi\u1ebft r\u1eb1ng, <strong data-start=\"1286\" data-end=\"1298\">Sunshine<\/strong> kh\u00f4ng ch\u1ec9 l\u00e0 m\u1ed9t c\u00e1i t\u00ean xu\u1ea5t hi\u1ec7n n\u0103m 2018 khi trung t\u00e2m ngo\u1ea1i ng\u1eef ra \u0111\u1eddi.<\/p>\n<blockquote data-start=\"1376\" data-end=\"1654\">\n<p data-start=\"1378\" data-end=\"1654\"><strong data-start=\"1378\" data-end=\"1390\">N\u0103m 2007<\/strong>, khi c\u00f2n h\u1ecdc THPT t\u1ea1i \u0110\u1ed3 S\u01a1n, anh Phillip + anh \u0110\u1ea1i v\u00e0 m\u1ed9t ng\u01b0\u1eddi b\u1ea1n n\u1eefa \u0111\u00e3 th\u00e0nh l\u1eadp nh\u00f3m \u201cSUNSHINE\u201d \u2013 chuy\u00ean s\u1eeda ch\u1eefa m\u00e1y t\u00ednh, c\u00e0i \u0111\u1eb7t ph\u1ea7n m\u1ec1m, l\u00e0m web, t\u01b0 v\u1ea5n c\u00f4ng ngh\u1ec7, in card visit, v\u00e0 \u201ct\u1ea5t t\u1ea7n t\u1eadt\u201d m\u1ecdi th\u1ee9 v\u1ec1 c\u00f4ng ngh\u1ec7 cho b\u1ea1n b\u00e8 v\u00e0 ng\u01b0\u1eddi d\u00e2n quanh v\u00f9ng.<\/p>\n<\/blockquote>\n<p data-start=\"1656\" data-end=\"2050\">Kh\u00e1ch h\u00e0ng \u0111\u1ea7u ti\u00ean l\u00e0 <strong data-start=\"1679\" data-end=\"1705\">nh\u1eefng c\u00f4 ch\u00fa trong x\u00f3m<\/strong>, <strong data-start=\"1707\" data-end=\"1735\">c\u00e1c th\u1ea7y c\u00f4 trong tr\u01b0\u1eddng<\/strong>, v\u00e0 <strong data-start=\"1740\" data-end=\"1763\">nh\u1eefng ng\u01b0\u1eddi b\u1ea1n h\u1ecdc<\/strong> c\u1ea7n c\u00e0i l\u1ea1i Windows.<br data-start=\"1784\" data-end=\"1787\" \/>C\u00f4ng vi\u1ec7c di\u1ec5n ra g\u1ea7n nh\u01b0 m\u1ed7i chi\u1ec1u t\u1ed1i sau gi\u1edd h\u1ecdc\u2026 cho \u0111\u1ebfn t\u1eadn l\u00fac <strong data-start=\"1856\" data-end=\"1902\">ch\u00fang t\u00f4i b\u01b0\u1edbc v\u00e0o giai \u0111o\u1ea1n \u00f4n thi l\u1edbp 12<\/strong> m\u1edbi t\u1ea1m d\u1eebng.<br data-start=\"1916\" data-end=\"1919\" \/>Nh\u1eefng n\u0103m th\u00e1ng \u0111\u00f3 l\u00e0 <strong data-start=\"1941\" data-end=\"1963\">h\u1ea1t gi\u1ed1ng \u0111\u1ea7u ti\u00ean<\/strong> cho m\u1ed9t tinh th\u1ea7n kh\u1edfi nghi\u1ec7p: l\u00e0m v\u00ec \u0111am m\u00ea \u2013 ph\u1ee5c v\u1ee5 th\u1eadt s\u1ef1 \u2013 h\u1ecdc b\u1eb1ng tr\u1ea3i nghi\u1ec7m.<\/p>\n<p data-start=\"2052\" data-end=\"2115\">V\u00e0 <strong data-start=\"2055\" data-end=\"2115\">anh \u0110\u1ea1i ch\u00ednh l\u00e0 ng\u01b0\u1eddi g\u1eafn b\u00f3 t\u1eeb nh\u1eefng ng\u00e0y \u0111\u1ea7u ti\u00ean \u1ea5y.<\/strong><\/p>\n<hr data-start=\"2117\" data-end=\"2120\" \/>\n<p><img loading=\"lazy\" decoding=\"async\" class=\"wp-image-1084 aligncenter size-large\" src=\"https:\/\/sss.edu.vn\/home\/wp-content\/uploads\/2025\/06\/image-10.png\" alt=\"\" width=\"1024\" height=\"683\" srcset=\"https:\/\/sss.edu.vn\/home\/wp-content\/uploads\/2025\/06\/image-10.png 2048w, https:\/\/sss.edu.vn\/home\/wp-content\/uploads\/2025\/06\/image-10-300x200.png 300w, https:\/\/sss.edu.vn\/home\/wp-content\/uploads\/2025\/06\/image-10-1024x683.png 1024w, https:\/\/sss.edu.vn\/home\/wp-content\/uploads\/2025\/06\/image-10-768x512.png 768w, https:\/\/sss.edu.vn\/home\/wp-content\/uploads\/2025\/06\/image-10-1536x1024.png 1536w\" sizes=\"auto, (max-width: 1024px) 100vw, 1024px\" \/><\/p>\n<h2 data-start=\"2122\" data-end=\"2179\">\ud83d\udd17 Ng\u01b0\u1eddi \u0111\u1eb7t n\u1ec1n m\u00f3ng cho t\u01b0 duy h\u1ec7 th\u1ed1ng c\u1ee7a Sunshine<\/h2>\n<p data-start=\"2181\" data-end=\"2304\">Kh\u00f4ng ch\u1ec9 l\u00e0 \u201cChuy\u00ean gia ph\u1ea7n m\u1ec1m\u201d, anh \u0110\u1ea1i c\u00f2n l\u00e0 ng\u01b0\u1eddi c\u00f3 t\u01b0 duy <strong data-start=\"2247\" data-end=\"2304\">h\u1ec7 th\u1ed1ng h\u00f3a \u2013 t\u1ed1i \u01b0u h\u00f3a \u2013 v\u00e0 c\u00f4ng ngh\u1ec7 h\u00f3a m\u1ecdi th\u1ee9.<\/strong><\/p>\n<p data-start=\"2306\" data-end=\"2443\">T\u1eeb h\u1ec7 th\u1ed1ng CRM, qu\u1ea3n l\u00fd h\u1ecdc sinh, \u0111\u1ebfn c\u00e1c gi\u1ea3i ph\u00e1p ph\u1ea7n m\u1ec1m v\u1eadn h\u00e0nh trung t\u00e2m \u2013 nhi\u1ec1u g\u1ee3i \u00fd v\u00e0 thi\u1ebft k\u1ebf ban \u0111\u1ea7u \u0111\u1ec1u c\u00f3 d\u1ea5u \u1ea5n c\u1ee7a anh.<\/p>\n<p data-start=\"2445\" data-end=\"2626\">\u0110i\u1ec1u \u0111\u1eb7c bi\u1ec7t l\u00e0 anh \u0110\u1ea1i <strong data-start=\"2470\" data-end=\"2518\">ch\u01b0a bao gi\u1edd \u0111\u00f2i h\u1ecfi danh ti\u1ebfng hay ghi nh\u1eadn<\/strong>, nh\u01b0ng <strong data-start=\"2526\" data-end=\"2581\">ch\u01b0a t\u1eebng t\u1eeb ch\u1ed1i b\u1ea5t k\u1ef3 y\u00eau c\u1ea7u n\u00e0o c\u1ee7a ng\u01b0\u1eddi \u0111\u1ed3ng s\u00e1ng l\u1eadp Phillip Nguyen c\u0169ng nh\u01b0 team Sunshine<\/strong>, k\u1ec3 c\u1ea3 khi c\u00f4ng vi\u1ec7c ri\u00eang \u0111ang r\u1ea5t b\u1eadn r\u1ed9n.<\/p>\n<hr data-start=\"2628\" data-end=\"2631\" \/>\n<h2 data-start=\"2633\" data-end=\"2678\"><\/h2>\n<h2 data-start=\"2633\" data-end=\"2678\">\ud83c\udf1e Ng\u01b0\u1eddi \u0111\u1ed3ng h\u00e0nh \u2013 Ng\u01b0\u1eddi gi\u1eef v\u1eefng g\u1ed1c r\u1ec5<\/h2>\n<p data-start=\"2680\" data-end=\"2840\">N\u1ebfu anh Phillip l\u00e0 ng\u01b0\u1eddi truy\u1ec1n c\u1ea3m h\u1ee9ng, k\u1ebft n\u1ed1i v\u00e0 ph\u00e1t tri\u1ec3n \u0111\u1ed9i ng\u0169, th\u00ec <strong data-start=\"2753\" data-end=\"2840\">anh \u0110\u1ea1i l\u00e0 ng\u01b0\u1eddi gi\u00fap m\u1ecdi th\u1ee9 kh\u00f4ng \u201cbay l\u00ean tr\u1eddi\u201d m\u00e0 v\u1eabn c\u00f3 n\u1ec1n t\u1ea3ng \u0111\u1ec3 \u0111\u1ee9ng v\u1eefng.<\/strong><\/p>\n<p data-start=\"2842\" data-end=\"2990\">Ch\u00fang t\u00f4i kh\u00f4ng n\u00f3i nhi\u1ec1u v\u1ec1 nhau, nh\u01b0ng <strong data-start=\"2883\" data-end=\"2990\">v\u1eabn lu\u00f4n hi\u1ec3u v\u00e0 \u0111\u1ed3ng h\u00e0nh nh\u01b0 hai d\u00f2ng \u0111i\u1ec7n \u00e2m d\u01b0\u01a1ng \u2013 kh\u00f4ng ph\u00f4 tr\u01b0\u01a1ng, nh\u01b0ng c\u00f9ng t\u1ea1o ra ngu\u1ed3n s\u00e1ng.<\/strong><\/p>\n<blockquote data-start=\"2992\" data-end=\"3051\">\n<p data-start=\"2994\" data-end=\"3051\">V\u00e0 trong \u00e1nh s\u00e1ng \u0111\u00f3 \u2013 Sunshine School l\u1edbn l\u00ean t\u1eebng ng\u00e0y.<\/p>\n<\/blockquote>\n<hr data-start=\"3053\" data-end=\"3056\" \/>\n<p><img loading=\"lazy\" decoding=\"async\" class=\"wp-image-1085 aligncenter size-large\" src=\"https:\/\/sss.edu.vn\/home\/wp-content\/uploads\/2025\/06\/image-11.png\" alt=\"\" width=\"1024\" height=\"643\" srcset=\"https:\/\/sss.edu.vn\/home\/wp-content\/uploads\/2025\/06\/image-11.png 2048w, https:\/\/sss.edu.vn\/home\/wp-content\/uploads\/2025\/06\/image-11-300x188.png 300w, https:\/\/sss.edu.vn\/home\/wp-content\/uploads\/2025\/06\/image-11-1024x643.png 1024w, https:\/\/sss.edu.vn\/home\/wp-content\/uploads\/2025\/06\/image-11-768x482.png 768w, https:\/\/sss.edu.vn\/home\/wp-content\/uploads\/2025\/06\/image-11-1536x965.png 1536w\" sizes=\"auto, (max-width: 1024px) 100vw, 1024px\" \/><\/p>\n<p data-start=\"3058\" data-end=\"3312\"><strong data-start=\"3058\" data-end=\"3132\">C\u1ea3m \u01a1n anh \u0110\u1ea1i \u2013 v\u00ec \u0111\u00e3 lu\u00f4n \u1edf \u0111\u00f3, d\u00f9 \u00e2m th\u1ea7m nh\u01b0ng kh\u00f4ng th\u1ec3 thay th\u1ebf.<\/strong><br data-start=\"3132\" data-end=\"3135\" \/>Sunshine kh\u00f4ng ch\u1ec9 l\u00e0 m\u1ed9t th\u01b0\u01a1ng hi\u1ec7u \u2013 n\u00f3 l\u00e0 m\u1ed9t t\u00ecnh b\u1ea1n c\u1ee7a 2 ng\u01b0\u1eddi con c\u00f3 t\u00e2m &#8211; c\u00f3 t\u1ea7m c\u1ee7a \u0110\u1ed3 S\u01a1n k\u00e9o d\u00e0i qua n\u0103m th\u00e1ng, l\u00e0 m\u1ed9t h\u00e0nh tr\u00ecnh \u0111\u01b0\u1ee3c x\u00e2y t\u1eeb n\u1ec1n m\u00f3ng r\u1ea5t nh\u1ecf\u2026 t\u1eeb nh\u1eefng chi\u1ebfc m\u00e1y t\u00ednh \u0111\u01b0\u1ee3c s\u1eeda n\u0103m 16 tu\u1ed5i.<\/p>\n<p data-start=\"3314\" data-end=\"3345\">V\u00e0 h\u00e0nh tr\u00ecnh v\u1eabn c\u00f2n ti\u1ebfp t\u1ee5c\u2026<\/p>\n<p>&nbsp;<\/p>\n<blockquote data-start=\"2992\" data-end=\"3051\">\n<p data-start=\"2994\" data-end=\"3051\">.<\/p>\n<\/blockquote>\n<hr data-start=\"3053\" data-end=\"3056\" \/>\n<p><img loading=\"lazy\" decoding=\"async\" class=\"wp-image-1086 aligncenter size-large\" src=\"https:\/\/sss.edu.vn\/home\/wp-content\/uploads\/2025\/06\/image-12.png\" alt=\"\" width=\"1024\" height=\"576\" srcset=\"https:\/\/sss.edu.vn\/home\/wp-content\/uploads\/2025\/06\/image-12.png 2048w, https:\/\/sss.edu.vn\/home\/wp-content\/uploads\/2025\/06\/image-12-300x169.png 300w, https:\/\/sss.edu.vn\/home\/wp-content\/uploads\/2025\/06\/image-12-1024x576.png 1024w, https:\/\/sss.edu.vn\/home\/wp-content\/uploads\/2025\/06\/image-12-768x432.png 768w, https:\/\/sss.edu.vn\/home\/wp-content\/uploads\/2025\/06\/image-12-1536x864.png 1536w\" sizes=\"auto, (max-width: 1024px) 100vw, 1024px\" \/><\/p>\n<p data-start=\"3058\" data-end=\"3312\"><strong data-start=\"3058\" data-end=\"3132\">SUNSHINE SCHOOL &#8211; SSS.EDU.VN<\/strong><\/p>\n","protected":false},"excerpt":{"rendered":"<p>Trong b\u1ea5t k\u1ef3 h\u00e0nh tr\u00ecnh l\u1edbn n\u00e0o, lu\u00f4n c\u00f3 nh\u1eefng ng\u01b0\u1eddi \u00e2m th\u1ea7m \u0111\u1ed3ng h\u00e0nh t\u1eeb nh\u1eefng b\u01b0\u1edbc \u0111i \u0111\u1ea7u ti\u00ean. V\u1edbi Sunshine, anh B\u00f9i Quang \u0110\u1ea1i ch\u00ednh l\u00e0 m\u1ed9t trong nh\u1eefng ng\u01b0\u1eddi nh\u01b0&#46;&#46;&#46;<\/p>\n","protected":false},"author":1,"featured_media":1084,"parent":0,"menu_order":0,"comment_status":"closed","ping_status":"closed","template":"","meta":{"footnotes":""},"class_list":["post-1082","page","type-page","status-publish","has-post-thumbnail","hentry"],"_links":{"self":[{"href":"https:\/\/sss.edu.vn\/home\/wp-json\/wp\/v2\/pages\/1082","targetHints":{"allow":["GET"]}}],"collection":[{"href":"https:\/\/sss.edu.vn\/home\/wp-json\/wp\/v2\/pages"}],"about":[{"href":"https:\/\/sss.edu.vn\/home\/wp-json\/wp\/v2\/types\/page"}],"author":[{"embeddable":true,"href":"https:\/\/sss.edu.vn\/home\/wp-json\/wp\/v2\/users\/1"}],"replies":[{"embeddable":true,"href":"https:\/\/sss.edu.vn\/home\/wp-json\/wp\/v2\/comments?post=1082"}],"version-history":[{"count":2,"href":"https:\/\/sss.edu.vn\/home\/wp-json\/wp\/v2\/pages\/1082\/revisions"}],"predecessor-version":[{"id":1088,"href":"https:\/\/sss.edu.vn\/home\/wp-json\/wp\/v2\/pages\/1082\/revisions\/1088"}],"wp:featuredmedia":[{"embeddable":true,"href":"https:\/\/sss.edu.vn\/home\/wp-json\/wp\/v2\/media\/1084"}],"wp:attachment":[{"href":"https:\/\/sss.edu.vn\/home\/wp-json\/wp\/v2\/media?parent=1082"}],"curies":[{"name":"wp","href":"https:\/\/api.w.org\/{rel}","templated":true}]}}