{"id":1091,"date":"2025-06-25T14:08:39","date_gmt":"2025-06-25T07:08:39","guid":{"rendered":"https:\/\/sss.edu.vn\/home\/?page_id=1091"},"modified":"2025-06-25T15:02:25","modified_gmt":"2025-06-25T08:02:25","slug":"nguyen-thi-huong-nguoi-giu-nhip-trai-tim-cua-sunshine","status":"publish","type":"page","link":"https:\/\/sss.edu.vn\/home\/nguyen-thi-huong-nguoi-giu-nhip-trai-tim-cua-sunshine","title":{"rendered":"\ud83d\udc69\u200d\ud83d\udcbc Nguy\u1ec5n Th\u1ecb H\u01b0\u01a1ng \u2013 Ng\u01b0\u1eddi &#8216;Gi\u00e1m-\u0111\u1ed1c-kh\u00f4ng-c\u1ea7n-ch\u1ee9c-danh&#8217; C\u1ee7a Sunshine"},"content":{"rendered":"<p><img loading=\"lazy\" decoding=\"async\" class=\"wp-image-1095 size-medium alignright\" src=\"https:\/\/sss.edu.vn\/home\/wp-content\/uploads\/2025\/06\/image-16-300x300.png\" alt=\"\" width=\"300\" height=\"300\" srcset=\"https:\/\/sss.edu.vn\/home\/wp-content\/uploads\/2025\/06\/image-16-300x300.png 300w, https:\/\/sss.edu.vn\/home\/wp-content\/uploads\/2025\/06\/image-16-150x150.png 150w, https:\/\/sss.edu.vn\/home\/wp-content\/uploads\/2025\/06\/image-16-80x80.png 80w, https:\/\/sss.edu.vn\/home\/wp-content\/uploads\/2025\/06\/image-16.png 320w\" sizes=\"auto, (max-width: 300px) 100vw, 300px\" \/><\/p>\n<p data-start=\"354\" data-end=\"586\">Trong m\u1ed7i t\u1ed5 ch\u1ee9c, lu\u00f4n c\u00f3 m\u1ed9t ng\u01b0\u1eddi l\u1eb7ng l\u1ebd \u0111\u1ee9ng sau, kh\u00f4ng c\u1ea7n danh hi\u1ec7u, kh\u00f4ng c\u1ea7n h\u00e0o quang \u2013 nh\u01b0ng <strong data-start=\"458\" data-end=\"517\">m\u1ecdi ng\u01b0\u1eddi \u0111\u1ec1u l\u1eafng nghe, \u0111\u1ec1u n\u1ec3 tr\u1ecdng, v\u00e0 \u0111\u1ec1u tin t\u01b0\u1edfng<\/strong>.<br data-start=\"518\" data-end=\"521\" \/>T\u1ea1i Sunshine \u0110\u1ed3 S\u01a1n, <strong data-start=\"542\" data-end=\"562\">Nguy\u1ec5n Th\u1ecb H\u01b0\u01a1ng<\/strong> ch\u00ednh l\u00e0 ng\u01b0\u1eddi nh\u01b0 th\u1ebf.<\/p>\n<p>&nbsp;<\/p>\n<hr data-start=\"588\" data-end=\"591\" \/>\n<h2 data-start=\"593\" data-end=\"657\">\ud83e\udde9 Ng\u01b0\u1eddi ph\u1ee5 n\u1eef c\u1ee7a h\u1ec7 th\u1ed1ng \u2013 T\u1ec9 m\u1ec9, th\u1ea5u hi\u1ec3u, v\u00e0 ki\u00ean \u0111\u1ecbnh<\/h2>\n<p data-start=\"659\" data-end=\"863\">T\u1ed1t nghi\u1ec7p chuy\u00ean ng\u00e0nh kinh t\u1ebf, t\u1eebng l\u00e0m vi\u1ec7c v\u00e0 t\u01b0 v\u1ea5n cho nhi\u1ec1u \u0111\u01a1n v\u1ecb \u1edf <strong data-start=\"735\" data-end=\"768\">H\u00e0 N\u1ed9i, H\u01b0ng Y\u00ean v\u00e0 H\u1ea3i Ph\u00f2ng<\/strong>, ch\u1ecb H\u01b0\u01a1ng s\u1edf h\u1eefu m\u1ed9t b\u1ec1 d\u00e0y kinh nghi\u1ec7m th\u1ef1c ti\u1ec5n v\u1ec1 qu\u1ea3n tr\u1ecb, v\u1eadn h\u00e0nh v\u00e0 x\u00e2y d\u1ef1ng h\u1ec7 th\u1ed1ng.<\/p>\n<p data-start=\"865\" data-end=\"1072\">Kh\u00f4ng ch\u1ec9 am hi\u1ec3u con s\u1ed1, ch\u1ecb c\u00f2n \u0111\u1eb7c bi\u1ec7t <strong data-start=\"908\" data-end=\"923\">y\u00eau tr\u1ebb con<\/strong>, ki\u00ean nh\u1eabn v\u1edbi gi\u00e1o vi\u00ean, v\u00e0 th\u1ea5u hi\u1ec3u ph\u1ee5 huynh. Ch\u00ednh s\u1ef1 t\u1ed5ng h\u00f2a gi\u1eefa l\u00fd tr\u00ed v\u00e0 c\u1ea3m x\u00fac n\u00e0y khi\u1ebfn ch\u1ecb tr\u1edf th\u00e0nh <strong data-start=\"1039\" data-end=\"1071\">\u201cng\u01b0\u1eddi t\u1ed5ng qu\u1ea3n\u201d \u0111\u00fang ngh\u0129a<\/strong>.<\/p>\n<p><img loading=\"lazy\" decoding=\"async\" class=\"wp-image-1094 aligncenter size-large\" src=\"https:\/\/sss.edu.vn\/home\/wp-content\/uploads\/2025\/06\/image-15.png\" alt=\"\" width=\"1024\" height=\"683\" srcset=\"https:\/\/sss.edu.vn\/home\/wp-content\/uploads\/2025\/06\/image-15.png 2048w, https:\/\/sss.edu.vn\/home\/wp-content\/uploads\/2025\/06\/image-15-300x200.png 300w, https:\/\/sss.edu.vn\/home\/wp-content\/uploads\/2025\/06\/image-15-1024x683.png 1024w, https:\/\/sss.edu.vn\/home\/wp-content\/uploads\/2025\/06\/image-15-768x512.png 768w, https:\/\/sss.edu.vn\/home\/wp-content\/uploads\/2025\/06\/image-15-1536x1024.png 1536w\" sizes=\"auto, (max-width: 1024px) 100vw, 1024px\" \/><\/p>\n<p>&nbsp;<\/p>\n<hr data-start=\"1074\" data-end=\"1077\" \/>\n<h2 data-start=\"1079\" data-end=\"1157\">\ud83d\udeaa T\u1eeb t\u1ef1 ti \u0111\u1ebfn b\u1ea3n l\u0129nh \u2013 H\u00e0nh tr\u00ecnh tr\u01b0\u1edfng th\u00e0nh song h\u00e0nh c\u00f9ng ti\u1ebfng Anh<\/h2>\n<p data-start=\"1159\" data-end=\"1225\">C\u00f3 m\u1ed9t \u0111i\u1ec1u r\u1ea5t \u0111\u1eb7c bi\u1ec7t v\u1ec1 ch\u1ecb H\u01b0\u01a1ng m\u00e0 ai \u1edf Sunshine \u0111\u1ec1u bi\u1ebft:<\/p>\n<blockquote data-start=\"1226\" data-end=\"1312\">\n<p data-start=\"1228\" data-end=\"1312\">Ng\u00e0y \u0111\u1ea7u \u0111\u1ebfn v\u1edbi Sunshine, ch\u1ecb t\u1eebng <strong data-start=\"1264\" data-end=\"1312\">t\u1ef1 ti v\u00ec kh\u00f4ng th\u1ec3 giao ti\u1ebfp b\u1eb1ng ti\u1ebfng Anh.<\/strong><\/p>\n<\/blockquote>\n<p data-start=\"1314\" data-end=\"1541\">Th\u1ebf nh\u01b0ng, qua t\u1eebng n\u0103m, t\u1eebng t\u00ecnh hu\u1ed1ng, t\u1eebng bu\u1ed5i h\u1ecdc c\u00f9ng con, t\u1eebng cu\u1ed9c h\u1ecdp v\u1edbi gi\u00e1o vi\u00ean n\u01b0\u1edbc ngo\u00e0i \u2013 ch\u1ecb \u0111\u00e3 d\u1ea7n <strong data-start=\"1432\" data-end=\"1541\">t\u1ef1 tin h\u01a1n, b\u1ea3n l\u0129nh h\u01a1n, v\u00e0 v\u1eefng v\u00e0ng h\u01a1n trong c\u1ea3 vai tr\u00f2 l\u00e0m m\u1eb9, l\u00e0m qu\u1ea3n l\u00fd v\u00e0 ng\u01b0\u1eddi d\u1eabn d\u1eaft \u0111\u1ed9i ng\u0169.<\/strong><\/p>\n<p data-start=\"1543\" data-end=\"1727\">Gi\u1edd \u0111\u00e2y, ch\u1ecb <strong data-start=\"1556\" data-end=\"1625\">c\u00f3 th\u1ec3 l\u00e0m vi\u1ec7c tr\u1ef1c ti\u1ebfp b\u1eb1ng ti\u1ebfng Anh v\u1edbi gi\u00e1o vi\u00ean n\u01b0\u1edbc ngo\u00e0i<\/strong>, v\u00e0 c\u00f2n l\u00e0 ng\u01b0\u1eddi th\u01b0\u1eddng xuy\u00ean <strong data-start=\"1656\" data-end=\"1727\">h\u01b0\u1edbng d\u1eabn, h\u1ed7 tr\u1ee3 gi\u00e1o vi\u00ean b\u1ea3n ng\u1eef h\u00f2a nh\u1eadp v\u1edbi v\u0103n h\u00f3a trung t\u00e2m.<\/strong><\/p>\n<p><img loading=\"lazy\" decoding=\"async\" class=\"wp-image-1093 aligncenter size-large\" src=\"https:\/\/sss.edu.vn\/home\/wp-content\/uploads\/2025\/06\/image-14.png\" alt=\"\" width=\"1024\" height=\"576\" srcset=\"https:\/\/sss.edu.vn\/home\/wp-content\/uploads\/2025\/06\/image-14.png 1536w, https:\/\/sss.edu.vn\/home\/wp-content\/uploads\/2025\/06\/image-14-300x169.png 300w, https:\/\/sss.edu.vn\/home\/wp-content\/uploads\/2025\/06\/image-14-1024x576.png 1024w, https:\/\/sss.edu.vn\/home\/wp-content\/uploads\/2025\/06\/image-14-768x432.png 768w\" sizes=\"auto, (max-width: 1024px) 100vw, 1024px\" \/><\/p>\n<p>&nbsp;<\/p>\n<hr data-start=\"1729\" data-end=\"1732\" \/>\n<h2 data-start=\"1734\" data-end=\"1782\">\ud83e\udded Ng\u01b0\u1eddi \u0111i\u1ec1u h\u00e0nh kh\u00f4ng danh, nh\u01b0ng c\u00f3 ti\u1ebfng<\/h2>\n<p data-start=\"1784\" data-end=\"1907\">T\u1ea1i Sunshine \u0110\u1ed3 S\u01a1n, ch\u1ecb H\u01b0\u01a1ng ch\u00ednh l\u00e0 <strong data-start=\"1824\" data-end=\"1870\">Ph\u00f3 Gi\u00e1m \u0111\u1ed1c ph\u1ee5 tr\u00e1ch \u0111i\u1ec1u h\u00e0nh trung t\u00e2m<\/strong> \u2013 nh\u01b0ng trong m\u1eaft m\u1ecdi ng\u01b0\u1eddi, ch\u1ecb l\u00e0:<\/p>\n<ul data-start=\"1909\" data-end=\"2116\">\n<li data-start=\"1909\" data-end=\"1940\">\n<p data-start=\"1911\" data-end=\"1940\">Ng\u01b0\u1eddi c\u00f3 uy t\u00edn n\u1ed9i b\u1ed9 cao,<\/p>\n<\/li>\n<li data-start=\"1941\" data-end=\"1987\">\n<p data-start=\"1943\" data-end=\"1987\">Ng\u01b0\u1eddi \u0111\u1ee9ng ra x\u1eed l\u00fd t\u00ecnh hu\u1ed1ng quan tr\u1ecdng,<\/p>\n<\/li>\n<li data-start=\"1988\" data-end=\"2054\">\n<p data-start=\"1990\" data-end=\"2054\">Ng\u01b0\u1eddi n\u1eafm ch\u1eafc t\u1eebng l\u1edbp h\u1ecdc, gi\u00e1o vi\u00ean, h\u1ecdc sinh v\u00e0 ph\u1ee5 huynh,<\/p>\n<\/li>\n<li data-start=\"2055\" data-end=\"2116\">\n<p data-start=\"2057\" data-end=\"2116\">Ng\u01b0\u1eddi kh\u00f4ng ng\u1eebng \u201cg\u00e1nh\u201d h\u1ec7 th\u1ed1ng \u0111\u1ec3 m\u1ecdi th\u1ee9 ch\u1ea1y tr\u01a1n tru.<\/p>\n<\/li>\n<\/ul>\n<p data-start=\"2118\" data-end=\"2151\">Ch\u00fang t\u00f4i v\u1eabn hay g\u1ecdi \u0111\u00f9a r\u1eb1ng:<\/p>\n<blockquote data-start=\"2152\" data-end=\"2315\">\n<p data-start=\"2154\" data-end=\"2315\"><strong data-start=\"2154\" data-end=\"2208\">&#8220;Ch\u1ecb H\u01b0\u01a1ng l\u00e0 Gi\u00e1m \u0111\u1ed1c&#8230; m\u00e0 kh\u00f4ng c\u1ea7n ch\u1ee9c danh.&#8221;<\/strong><br data-start=\"2208\" data-end=\"2211\" \/>V\u00ec \u0111\u01a1n gi\u1ea3n, <strong data-start=\"2226\" data-end=\"2315\">ch\u1ee9c danh kh\u00f4ng t\u1ea1o ra \u1ea3nh h\u01b0\u1edfng \u2013 m\u00e0 ch\u00ednh s\u1ef1 t\u1eadn t\u00e2m v\u00e0 tr\u00e1ch nhi\u1ec7m t\u1ea1o n\u00ean uy t\u00edn.<\/strong><\/p>\n<\/blockquote>\n<hr data-start=\"2317\" data-end=\"2320\" \/>\n<p><img loading=\"lazy\" decoding=\"async\" class=\"wp-image-1092 aligncenter size-large\" src=\"https:\/\/sss.edu.vn\/home\/wp-content\/uploads\/2025\/06\/image-13.png\" alt=\"\" width=\"1024\" height=\"769\" srcset=\"https:\/\/sss.edu.vn\/home\/wp-content\/uploads\/2025\/06\/image-13.png 1024w, https:\/\/sss.edu.vn\/home\/wp-content\/uploads\/2025\/06\/image-13-300x225.png 300w, https:\/\/sss.edu.vn\/home\/wp-content\/uploads\/2025\/06\/image-13-768x577.png 768w\" sizes=\"auto, (max-width: 1024px) 100vw, 1024px\" \/><\/p>\n<p>&nbsp;<\/p>\n<h2 data-start=\"2322\" data-end=\"2366\">\ud83c\udf1e Ng\u01b0\u1eddi gi\u1eef nh\u1ecbp tim c\u1ee7a Sunshine \u0110\u1ed3 S\u01a1n<\/h2>\n<p data-start=\"2368\" data-end=\"2638\">Kh\u00f4ng n\u1ed5i b\u1eadt tr\u00ean m\u1ea1ng x\u00e3 h\u1ed9i, kh\u00f4ng xu\u1ea5t hi\u1ec7n \u1edf c\u00e1c l\u1ec5 vinh danh, kh\u00f4ng c\u1ea7n micro \u0111\u1ec3 n\u00f3i to&#8230; nh\u01b0ng ch\u1ecb H\u01b0\u01a1ng ch\u00ednh l\u00e0 ng\u01b0\u1eddi m\u00e0 c\u1ea3 \u0111\u1ed9i ng\u0169 tin t\u01b0\u1edfng khi c\u1ea7n \u0111\u1ecbnh h\u01b0\u1edbng, ph\u1ee5 huynh tin t\u01b0\u1edfng khi c\u1ea7n t\u01b0 v\u1ea5n, v\u00e0 Mr Phillip lu\u00f4n an t\u00e2m khi trao quy\u1ec1n \u0111i\u1ec1u h\u00e0nh m\u1ed7i khi \u0111i xa (<em>*th\u1ef1c ra Mr Phillip m\u1ed7i n\u0103m ch\u1ec9 \u0111i xa 1 l\u1ea7n, m\u1ed7i l\u1ea7n \u0111i kho\u1ea3ng 11 th\u00e1ng \ud83d\ude02<\/em>).<\/p>\n<p data-start=\"2640\" data-end=\"2743\">Ch\u1ecb Nguy\u1ec5n Th\u1ecb H\u01b0\u01a1ng kh\u00f4ng t\u1ea1o n\u00ean \u00e1nh s\u00e1ng r\u1ef1c r\u1ee1,<br data-start=\"2674\" data-end=\"2677\" \/>nh\u01b0ng <strong data-start=\"2683\" data-end=\"2743\">gi\u1eef cho ng\u1ecdn \u0111\u00e8n Sunshine lu\u00f4n b\u1ec1n b\u1ec9 v\u00e0 \u1ea5m \u00e1p m\u1ed7i ng\u00e0y.<\/strong><\/p>\n<p><img loading=\"lazy\" decoding=\"async\" class=\"wp-image-1097 aligncenter size-large\" src=\"https:\/\/sss.edu.vn\/home\/wp-content\/uploads\/2025\/06\/image-18.png\" alt=\"\" width=\"960\" height=\"602\" srcset=\"https:\/\/sss.edu.vn\/home\/wp-content\/uploads\/2025\/06\/image-18.png 960w, https:\/\/sss.edu.vn\/home\/wp-content\/uploads\/2025\/06\/image-18-300x188.png 300w, https:\/\/sss.edu.vn\/home\/wp-content\/uploads\/2025\/06\/image-18-768x482.png 768w\" sizes=\"auto, (max-width: 960px) 100vw, 960px\" \/><\/p>\n<p>&nbsp;<\/p>\n<p>&nbsp;<\/p>\n<hr data-start=\"2745\" data-end=\"2748\" \/>\n<p data-start=\"2750\" data-end=\"2927\"><strong data-start=\"2750\" data-end=\"2815\">C\u1ea3m \u01a1n ch\u1ecb H\u01b0\u01a1ng \u2013 ng\u01b0\u1eddi ph\u1ee5 n\u1eef \u0111\u1ee9ng sau nh\u01b0ng kh\u00f4ng h\u1ec1 khu\u1ea5t b\u00f3ng.<\/strong><br data-start=\"2815\" data-end=\"2818\" \/>Sunshine kh\u00f4ng th\u1ec3 l\u00e0 Sunshine c\u1ee7a h\u00f4m nay \u2013 n\u1ebfu thi\u1ebfu \u0111i tr\u00e1i tim v\u00e0 b\u00e0n tay th\u1ea7m l\u1eb7ng c\u1ee7a c\u00f4 Nguy\u1ec5n Th\u1ecb H\u01b0\u01a1ng.<\/p>\n<p>&nbsp;<\/p>\n<hr data-start=\"2745\" data-end=\"2748\" \/>\n<p>&nbsp;<\/p>\n<p><em><strong>SUNSHINE SCHOOL &#8211; SSS.EDU.VN<\/strong><\/em><\/p>\n<p><img loading=\"lazy\" decoding=\"async\" class=\"wp-image-1096 size-medium alignleft\" src=\"https:\/\/sss.edu.vn\/home\/wp-content\/uploads\/2025\/06\/image-17-300x200.png\" alt=\"\" width=\"300\" height=\"200\" srcset=\"https:\/\/sss.edu.vn\/home\/wp-content\/uploads\/2025\/06\/image-17-300x200.png 300w, https:\/\/sss.edu.vn\/home\/wp-content\/uploads\/2025\/06\/image-17-1024x683.png 1024w, https:\/\/sss.edu.vn\/home\/wp-content\/uploads\/2025\/06\/image-17-768x512.png 768w, https:\/\/sss.edu.vn\/home\/wp-content\/uploads\/2025\/06\/image-17.png 1063w\" sizes=\"auto, (max-width: 300px) 100vw, 300px\" \/><\/p>\n<p data-start=\"2750\" data-end=\"2927\">\n","protected":false},"excerpt":{"rendered":"<p>Trong m\u1ed7i t\u1ed5 ch\u1ee9c, lu\u00f4n c\u00f3 m\u1ed9t ng\u01b0\u1eddi l\u1eb7ng l\u1ebd \u0111\u1ee9ng sau, kh\u00f4ng c\u1ea7n danh hi\u1ec7u, kh\u00f4ng c\u1ea7n h\u00e0o quang \u2013 nh\u01b0ng m\u1ecdi ng\u01b0\u1eddi \u0111\u1ec1u l\u1eafng nghe, \u0111\u1ec1u n\u1ec3 tr\u1ecdng, v\u00e0 \u0111\u1ec1u tin t\u01b0\u1edfng.T\u1ea1i&#46;&#46;&#46;<\/p>\n","protected":false},"author":1,"featured_media":1093,"parent":0,"menu_order":0,"comment_status":"closed","ping_status":"closed","template":"","meta":{"footnotes":""},"class_list":["post-1091","page","type-page","status-publish","has-post-thumbnail","hentry"],"_links":{"self":[{"href":"https:\/\/sss.edu.vn\/home\/wp-json\/wp\/v2\/pages\/1091","targetHints":{"allow":["GET"]}}],"collection":[{"href":"https:\/\/sss.edu.vn\/home\/wp-json\/wp\/v2\/pages"}],"about":[{"href":"https:\/\/sss.edu.vn\/home\/wp-json\/wp\/v2\/types\/page"}],"author":[{"embeddable":true,"href":"https:\/\/sss.edu.vn\/home\/wp-json\/wp\/v2\/users\/1"}],"replies":[{"embeddable":true,"href":"https:\/\/sss.edu.vn\/home\/wp-json\/wp\/v2\/comments?post=1091"}],"version-history":[{"count":6,"href":"https:\/\/sss.edu.vn\/home\/wp-json\/wp\/v2\/pages\/1091\/revisions"}],"predecessor-version":[{"id":1112,"href":"https:\/\/sss.edu.vn\/home\/wp-json\/wp\/v2\/pages\/1091\/revisions\/1112"}],"wp:featuredmedia":[{"embeddable":true,"href":"https:\/\/sss.edu.vn\/home\/wp-json\/wp\/v2\/media\/1093"}],"wp:attachment":[{"href":"https:\/\/sss.edu.vn\/home\/wp-json\/wp\/v2\/media?parent=1091"}],"curies":[{"name":"wp","href":"https:\/\/api.w.org\/{rel}","templated":true}]}}