{"id":1103,"date":"2025-06-25T14:45:03","date_gmt":"2025-06-25T07:45:03","guid":{"rendered":"https:\/\/sss.edu.vn\/home\/?page_id=1103"},"modified":"2025-06-25T14:45:25","modified_gmt":"2025-06-25T07:45:25","slug":"co-giao-dinh-diep-anh-annie-gen-z-nhiet-huyet-va-truyen-cam-hung","status":"publish","type":"page","link":"https:\/\/sss.edu.vn\/home\/co-giao-dinh-diep-anh-annie-gen-z-nhiet-huyet-va-truyen-cam-hung","title":{"rendered":"\ud83d\udc81\u200d\u2640\ufe0f \u0110inh Di\u1ec7p Anh (C\u00f4 Gi\u00e1o Hotgirl Gen Z) \u2013 \u0110\u1eb9p, Gi\u1ecfi, D\u1ec5 Th\u01b0\u01a1ng V\u00e0 C\u1ef1c K\u1ef3 C\u00f3 T\u00e2m!"},"content":{"rendered":"<p><img loading=\"lazy\" decoding=\"async\" class=\"alignright wp-image-1104 size-medium\" src=\"https:\/\/sss.edu.vn\/home\/wp-content\/uploads\/2025\/06\/image-19-240x300.png\" alt=\"\" width=\"240\" height=\"300\" srcset=\"https:\/\/sss.edu.vn\/home\/wp-content\/uploads\/2025\/06\/image-19-240x300.png 240w, https:\/\/sss.edu.vn\/home\/wp-content\/uploads\/2025\/06\/image-19-819x1024.png 819w, https:\/\/sss.edu.vn\/home\/wp-content\/uploads\/2025\/06\/image-19-768x960.png 768w, https:\/\/sss.edu.vn\/home\/wp-content\/uploads\/2025\/06\/image-19-1229x1536.png 1229w, https:\/\/sss.edu.vn\/home\/wp-content\/uploads\/2025\/06\/image-19.png 1440w\" sizes=\"auto, (max-width: 240px) 100vw, 240px\" \/><\/p>\n<p><img loading=\"lazy\" decoding=\"async\" class=\"wp-image-1106 size-medium alignright\" src=\"https:\/\/sss.edu.vn\/home\/wp-content\/uploads\/2025\/06\/image-21-200x300.png\" alt=\"\" width=\"200\" height=\"300\" srcset=\"https:\/\/sss.edu.vn\/home\/wp-content\/uploads\/2025\/06\/image-21-200x300.png 200w, https:\/\/sss.edu.vn\/home\/wp-content\/uploads\/2025\/06\/image-21-683x1024.png 683w, https:\/\/sss.edu.vn\/home\/wp-content\/uploads\/2025\/06\/image-21-768x1151.png 768w, https:\/\/sss.edu.vn\/home\/wp-content\/uploads\/2025\/06\/image-21-1025x1536.png 1025w, https:\/\/sss.edu.vn\/home\/wp-content\/uploads\/2025\/06\/image-21.png 1366w\" sizes=\"auto, (max-width: 200px) 100vw, 200px\" \/><\/p>\n<p data-start=\"366\" data-end=\"548\">N\u00f3i \u0111\u1ebfn Sunshine, ch\u1eafc ch\u1eafn nhi\u1ec1u h\u1ecdc sinh s\u1ebd nh\u1eafc ngay \u0111\u1ebfn m\u1ed9t g\u01b0\u01a1ng m\u1eb7t quen thu\u1ed9c: <strong data-start=\"452\" data-end=\"548\">C\u00f4 Annie \u2013 c\u00f4 gi\u00e1o xinh \u0111\u1eb9p, n\u00f3i ti\u1ebfng Anh c\u1ef1c \u0111\u1ec9nh, v\u00e0 l\u00fac n\u00e0o c\u0169ng t\u01b0\u01a1i c\u01b0\u1eddi v\u1edbi h\u1ecdc sinh.<\/strong><\/p>\n<p data-start=\"550\" data-end=\"605\"><strong data-start=\"550\" data-end=\"605\">V\u00e2ng, ch\u00ednh l\u00e0 c\u00f4 gi\u00e1o hotgirl \u0110inh Di\u1ec7p Anh (Annie) \u0111\u00e2y \u1ea1!<\/strong><\/p>\n<p>&nbsp;<\/p>\n<hr data-start=\"607\" data-end=\"610\" \/>\n<h2 data-start=\"612\" data-end=\"658\">\u2728 V\u1eeba xinh \u2013 v\u1eeba x\u1ecbn \u2013 v\u1eeba si\u00eau y\u00eau tr\u1ebb con<\/h2>\n<ul data-start=\"660\" data-end=\"1031\">\n<li data-start=\"660\" data-end=\"792\">\n<p data-start=\"662\" data-end=\"792\"><strong data-start=\"662\" data-end=\"697\">G\u1eafn b\u00f3 v\u1edbi Sunshine t\u1eeb n\u0103m 2019<\/strong>, c\u00f4 Annie l\u00e0 m\u1ed9t trong nh\u1eefng <strong data-start=\"727\" data-end=\"792\">gi\u00e1o vi\u00ean k\u1ef3 c\u1ef1u d\u00f9 tu\u1ed5i \u0111\u1eddi c\u00f2n r\u1ea5t tr\u1ebb (Gen Z ch\u00ednh hi\u1ec7u!).<\/strong><\/p>\n<\/li>\n<li data-start=\"793\" data-end=\"940\">\n<p data-start=\"795\" data-end=\"940\">D\u00f9 kh\u00f4ng &#8220;\u1ed3n \u00e0o&#8221;, nh\u01b0ng ai t\u1eebng h\u1ecdc v\u1edbi c\u00f4 \u0111\u1ec1u ph\u1ea3i c\u00f4ng nh\u1eadn:<br data-start=\"857\" data-end=\"860\" \/>\ud83d\udc49 <em data-start=\"865\" data-end=\"938\">Gi\u1ecdng Anh hay \u2013 D\u1ea1y c\u00f3 t\u00e2m \u2013 Lu\u00f4n \u0111\u00fang gi\u1edd \u2013 Lu\u00f4n chu\u1ea9n b\u1ecb k\u1ef9 b\u00e0i gi\u1ea3ng<\/em><\/p>\n<\/li>\n<li data-start=\"941\" data-end=\"1031\">\n<p data-start=\"943\" data-end=\"1031\">\u0110\u1eb7c bi\u1ec7t: <strong data-start=\"953\" data-end=\"1031\">Annie c\u00f3 s\u1ee9c h\u00fat nh\u1eb9 nh\u00e0ng nh\u01b0ng khi\u1ebfn h\u1ecdc sinh \u201c\u0111\u1ed5 r\u1ea7m\u201d v\u00ec qu\u00e1 d\u1ec5 th\u01b0\u01a1ng.<\/strong><\/p>\n<\/li>\n<\/ul>\n<p>&nbsp;<\/p>\n<p>&nbsp;<\/p>\n<hr data-start=\"1033\" data-end=\"1036\" \/>\n<p>&nbsp;<\/p>\n<p><img loading=\"lazy\" decoding=\"async\" class=\"wp-image-1108 aligncenter size-large\" src=\"https:\/\/sss.edu.vn\/home\/wp-content\/uploads\/2025\/06\/image-23.png\" alt=\"\" width=\"1024\" height=\"488\" srcset=\"https:\/\/sss.edu.vn\/home\/wp-content\/uploads\/2025\/06\/image-23.png 2560w, https:\/\/sss.edu.vn\/home\/wp-content\/uploads\/2025\/06\/image-23-300x143.png 300w, https:\/\/sss.edu.vn\/home\/wp-content\/uploads\/2025\/06\/image-23-1024x488.png 1024w, https:\/\/sss.edu.vn\/home\/wp-content\/uploads\/2025\/06\/image-23-768x366.png 768w, https:\/\/sss.edu.vn\/home\/wp-content\/uploads\/2025\/06\/image-23-1536x733.png 1536w, https:\/\/sss.edu.vn\/home\/wp-content\/uploads\/2025\/06\/image-23-2048x977.png 2048w\" sizes=\"auto, (max-width: 1024px) 100vw, 1024px\" \/><\/p>\n<p>&nbsp;<\/p>\n<h2 data-start=\"1038\" data-end=\"1090\">\ud83c\udfa7 Gi\u1ecdng n\u00f3i khi\u1ebfn h\u1ecdc sinh&#8230; kh\u00f4ng n\u1ee1 ngh\u1ec9 h\u1ecdc!<\/h2>\n<p data-start=\"1092\" data-end=\"1184\">Gi\u1ecdng Anh c\u1ee7a c\u00f4 Annie c\u1ef1c chu\u1ea9n, ph\u00e1t \u00e2m r\u00f5 r\u00e0ng v\u00e0 truy\u1ec1n c\u1ea3m \u2013 nhi\u1ec1u h\u1ecdc sinh b\u1ea3o r\u1eb1ng:<\/p>\n<blockquote data-start=\"1185\" data-end=\"1283\">\n<p data-start=\"1187\" data-end=\"1283\">\u201cC\u00f4 gi\u1ea3ng th\u1ebf n\u00e0y nghe c\u1ea3 bu\u1ed5i kh\u00f4ng ch\u00e1n! Nghe c\u00f4 n\u00f3i ti\u1ebfng Anh c\u00f2n s\u01b0\u1edbng h\u01a1n nghe nh\u1ea1c chill!\u201d<\/p>\n<\/blockquote>\n<p data-start=\"1285\" data-end=\"1399\">V\u00e0 kh\u00f4ng ch\u1ec9 l\u00e0 d\u1ea1y cho xong, <strong data-start=\"1315\" data-end=\"1399\">c\u00f4 Annie lu\u00f4n d\u1ea1y b\u1eb1ng c\u1ea3 tr\u00e1i tim \u2013 t\u1eadn t\u00ecnh, nh\u1eb9 nh\u00e0ng, m\u00e0 v\u1eabn r\u1ea5t nghi\u00eam t\u00fac.<\/strong><\/p>\n<p><img loading=\"lazy\" decoding=\"async\" class=\"wp-image-1109 aligncenter size-large\" src=\"https:\/\/sss.edu.vn\/home\/wp-content\/uploads\/2025\/06\/image-24.png\" alt=\"\" width=\"960\" height=\"540\" srcset=\"https:\/\/sss.edu.vn\/home\/wp-content\/uploads\/2025\/06\/image-24.png 960w, https:\/\/sss.edu.vn\/home\/wp-content\/uploads\/2025\/06\/image-24-300x169.png 300w, https:\/\/sss.edu.vn\/home\/wp-content\/uploads\/2025\/06\/image-24-768x432.png 768w\" sizes=\"auto, (max-width: 960px) 100vw, 960px\" \/><\/p>\n<p>&nbsp;<\/p>\n<p>&nbsp;<\/p>\n<hr data-start=\"1401\" data-end=\"1404\" \/>\n<h2 data-start=\"1406\" data-end=\"1453\"><\/h2>\n<h2 data-start=\"1406\" data-end=\"1453\">\ud83c\udf93 C\u00f3 \u01b0\u1edbc m\u01a1 l\u1edbn \u2013 nh\u01b0ng v\u1eabn g\u1eafn b\u00f3 m\u1ed7i ng\u00e0y<\/h2>\n<p data-start=\"1455\" data-end=\"1658\">C\u00f4 Annie <strong data-start=\"1464\" data-end=\"1509\">\u0111ang \u1ea5p \u1ee7 \u01b0\u1edbc m\u01a1 h\u1ecdc Th\u1ea1c s\u0129 t\u1ea1i Anh Qu\u1ed1c<\/strong> \u2013 nh\u01b0ng d\u00f9 c\u00f3 bao nhi\u00eau d\u1ef1 \u0111\u1ecbnh t\u01b0\u01a1ng lai, hi\u1ec7n t\u1ea1i <strong data-start=\"1562\" data-end=\"1606\">c\u00f4 v\u1eabn d\u1ea1y h\u1ea7u nh\u01b0 m\u1ed7i ng\u00e0y t\u1ea1i Sunshine<\/strong>, ch\u1ec9 ngh\u1ec9 n\u1ebfu trung t\u00e2m ngh\u1ec9 ho\u1eb7c c\u00f3 vi\u1ec7c \u0111\u1ed9t xu\u1ea5t.<\/p>\n<blockquote data-start=\"1660\" data-end=\"1754\">\n<p data-start=\"1662\" data-end=\"1754\">G\u1ecdi vui l\u00e0 \u201chotgirl h\u1ecdc thu\u1eadt\u201d c\u0169ng \u0111\u00fang \u2013 v\u1eeba th\u00f4ng minh, v\u1eeba s\u00e2u s\u1eafc, v\u1eeba truy\u1ec1n c\u1ea3m h\u1ee9ng.<\/p>\n<p><img loading=\"lazy\" decoding=\"async\" class=\"wp-image-1105 aligncenter size-large\" src=\"https:\/\/sss.edu.vn\/home\/wp-content\/uploads\/2025\/06\/image-20.png\" alt=\"\" width=\"1024\" height=\"768\" srcset=\"https:\/\/sss.edu.vn\/home\/wp-content\/uploads\/2025\/06\/image-20.png 1682w, https:\/\/sss.edu.vn\/home\/wp-content\/uploads\/2025\/06\/image-20-300x225.png 300w, https:\/\/sss.edu.vn\/home\/wp-content\/uploads\/2025\/06\/image-20-1024x768.png 1024w, https:\/\/sss.edu.vn\/home\/wp-content\/uploads\/2025\/06\/image-20-768x576.png 768w, https:\/\/sss.edu.vn\/home\/wp-content\/uploads\/2025\/06\/image-20-1536x1152.png 1536w\" sizes=\"auto, (max-width: 1024px) 100vw, 1024px\" \/><\/p><\/blockquote>\n<hr data-start=\"1756\" data-end=\"1759\" \/>\n<h2 data-start=\"1761\" data-end=\"1814\">\ud83c\udf1f L\u1eddi khen nh\u1ecf, d\u00e0nh cho ng\u01b0\u1eddi th\u1ea7y tr\u1ebb tuy\u1ec7t v\u1eddi<\/h2>\n<p data-start=\"1816\" data-end=\"1962\">T\u1ea1i Sunshine, Annie <strong data-start=\"1836\" data-end=\"1962\">kh\u00f4ng c\u1ea7n &#8220;ph\u00f4 di\u1ec5n&#8221; \u2013 c\u00f4 \u0111\u00e3 t\u1ef1 t\u1ecfa s\u00e1ng b\u1eb1ng ch\u00ednh n\u0103ng l\u01b0\u1ee3ng t\u00edch c\u1ef1c, s\u1ef1 chuy\u00ean nghi\u1ec7p v\u00e0 v\u1ebb \u0111\u1eb9p n\u1ed9i t\u00e2m l\u1eabn b\u00ean ngo\u00e0i.<\/strong><\/p>\n<p data-start=\"1964\" data-end=\"2050\"><strong data-start=\"1964\" data-end=\"1983\">C\u00f4 gi\u00e1o hotgirl<\/strong>? \u0110\u00fang.<br data-start=\"1990\" data-end=\"1993\" \/><strong data-start=\"1993\" data-end=\"2034\">C\u00f4 gi\u00e1o c\u00f3 t\u00e2m \u2013 c\u00f3 t\u1ea7m \u2013 c\u00f3 tr\u00ecnh \u0111\u1ed9<\/strong>? C\u00e0ng \u0111\u00fang h\u01a1n!<\/p>\n<hr data-start=\"2052\" data-end=\"2055\" \/>\n<p data-start=\"2057\" data-end=\"2213\">\ud83c\udf1e <em data-start=\"2060\" data-end=\"2213\">Sunshine r\u1ea5t t\u1ef1 h\u00e0o c\u00f3 m\u1ed9t c\u00f4 gi\u00e1o tr\u1ebb nh\u01b0 Annie \u2013 ng\u01b0\u1eddi \u0111\u1ea1i di\u1ec7n cho th\u1ebf h\u1ec7 gi\u00e1o vi\u00ean m\u1edbi: t\u00e0i n\u0103ng, hi\u1ec7n \u0111\u1ea1i, y\u00eau tr\u1ebb con, v\u00e0 kh\u00f4ng ng\u1eebng ph\u00e1t tri\u1ec3n.<\/em><\/p>\n<p><img loading=\"lazy\" decoding=\"async\" class=\"wp-image-1107 aligncenter size-large\" src=\"https:\/\/sss.edu.vn\/home\/wp-content\/uploads\/2025\/06\/image-22.png\" alt=\"\" width=\"1024\" height=\"442\" srcset=\"https:\/\/sss.edu.vn\/home\/wp-content\/uploads\/2025\/06\/image-22.png 1960w, https:\/\/sss.edu.vn\/home\/wp-content\/uploads\/2025\/06\/image-22-300x129.png 300w, https:\/\/sss.edu.vn\/home\/wp-content\/uploads\/2025\/06\/image-22-1024x442.png 1024w, https:\/\/sss.edu.vn\/home\/wp-content\/uploads\/2025\/06\/image-22-768x331.png 768w, https:\/\/sss.edu.vn\/home\/wp-content\/uploads\/2025\/06\/image-22-1536x663.png 1536w\" sizes=\"auto, (max-width: 1024px) 100vw, 1024px\" \/><\/p>\n<p data-start=\"2057\" data-end=\"2213\">\/SUNSHINE SCHOOL &#8211; sss.edu.vn<\/p>\n<p>&nbsp;<\/p>\n<p data-start=\"2738\" data-end=\"2931\" data-is-last-node=\"\" data-is-only-node=\"\">\n","protected":false},"excerpt":{"rendered":"<p>N\u00f3i \u0111\u1ebfn Sunshine, ch\u1eafc ch\u1eafn nhi\u1ec1u h\u1ecdc sinh s\u1ebd nh\u1eafc ngay \u0111\u1ebfn m\u1ed9t g\u01b0\u01a1ng m\u1eb7t quen thu\u1ed9c: C\u00f4 Annie \u2013 c\u00f4 gi\u00e1o xinh \u0111\u1eb9p, n\u00f3i ti\u1ebfng Anh c\u1ef1c \u0111\u1ec9nh, v\u00e0 l\u00fac n\u00e0o c\u0169ng t\u01b0\u01a1i&#46;&#46;&#46;<\/p>\n","protected":false},"author":1,"featured_media":1104,"parent":0,"menu_order":0,"comment_status":"closed","ping_status":"closed","template":"","meta":{"footnotes":""},"class_list":["post-1103","page","type-page","status-publish","has-post-thumbnail","hentry"],"_links":{"self":[{"href":"https:\/\/sss.edu.vn\/home\/wp-json\/wp\/v2\/pages\/1103","targetHints":{"allow":["GET"]}}],"collection":[{"href":"https:\/\/sss.edu.vn\/home\/wp-json\/wp\/v2\/pages"}],"about":[{"href":"https:\/\/sss.edu.vn\/home\/wp-json\/wp\/v2\/types\/page"}],"author":[{"embeddable":true,"href":"https:\/\/sss.edu.vn\/home\/wp-json\/wp\/v2\/users\/1"}],"replies":[{"embeddable":true,"href":"https:\/\/sss.edu.vn\/home\/wp-json\/wp\/v2\/comments?post=1103"}],"version-history":[{"count":2,"href":"https:\/\/sss.edu.vn\/home\/wp-json\/wp\/v2\/pages\/1103\/revisions"}],"predecessor-version":[{"id":1111,"href":"https:\/\/sss.edu.vn\/home\/wp-json\/wp\/v2\/pages\/1103\/revisions\/1111"}],"wp:featuredmedia":[{"embeddable":true,"href":"https:\/\/sss.edu.vn\/home\/wp-json\/wp\/v2\/media\/1104"}],"wp:attachment":[{"href":"https:\/\/sss.edu.vn\/home\/wp-json\/wp\/v2\/media?parent=1103"}],"curies":[{"name":"wp","href":"https:\/\/api.w.org\/{rel}","templated":true}]}}