{"id":1339,"date":"2025-08-05T14:31:01","date_gmt":"2025-08-05T07:31:01","guid":{"rendered":"https:\/\/sss.edu.vn\/home\/?page_id=1339"},"modified":"2025-08-05T14:40:08","modified_gmt":"2025-08-05T07:40:08","slug":"duhoche-australia","status":"publish","type":"page","link":"https:\/\/sss.edu.vn\/home\/duhoche-australia","title":{"rendered":"\ud83c\udde6\ud83c\uddfa\u2708\ufe0f TUY\u1ec2N SINH CH\u01af\u01a0NG TR\u00ccNH DU H\u1eccC H\u00c8 \u00daC 2026 \u2708\ufe0f\ud83c\udde6\ud83c\uddfa"},"content":{"rendered":"<p data-start=\"138\" data-end=\"245\">\ud83c\udde6\ud83c\uddfa\u2708\ufe0f <strong data-start=\"145\" data-end=\"190\">TUY\u1ec2N SINH CH\u01af\u01a0NG TR\u00ccNH DU H\u1eccC H\u00c8 \u00daC 2026<\/strong> \u2708\ufe0f\ud83c\udde6\ud83c\uddfa<br data-start=\"197\" data-end=\"200\" \/><strong data-start=\"200\" data-end=\"245\">Tr\u1ea3i nghi\u1ec7m n\u01b0\u1edbc \u00dac \u2013 N\u00e2ng t\u1ea7m t\u01b0\u01a1ng lai!<\/strong><\/p>\n<p data-start=\"247\" data-end=\"509\">B\u1ea1n mu\u1ed1n con m\u00ecnh \u0111\u01b0\u1ee3c:<br \/>\n\ud83c\udf0f R\u00e8n luy\u1ec7n kh\u1ea3 n\u0103ng <strong data-start=\"293\" data-end=\"316\">giao ti\u1ebfp ti\u1ebfng Anh<\/strong> t\u1ef1 nhi\u00ean v\u1edbi ng\u01b0\u1eddi b\u1ea3n x\u1ee9?<br data-start=\"343\" data-end=\"346\" \/>\ud83c\udf93 Tr\u1ea3i nghi\u1ec7m m\u00f4i tr\u01b0\u1eddng h\u1ecdc t\u1eadp hi\u1ec7n \u0111\u1ea1i t\u1ea1i c\u00e1c tr\u01b0\u1eddng qu\u1ed1c t\u1ebf h\u00e0ng \u0111\u1ea7u?<br data-start=\"421\" data-end=\"424\" \/>\ud83c\udf1e V\u1eeba h\u1ecdc \u2013 v\u1eeba ch\u01a1i \u2013 v\u1eeba kh\u00e1m ph\u00e1 v\u0103n h\u00f3a \u0111\u1eb7c s\u1eafc c\u1ee7a \u0111\u1ea5t n\u01b0\u1edbc Australia xinh \u0111\u1eb9p?<\/p>\n<p data-start=\"511\" data-end=\"569\">\ud83d\udc49 <strong data-start=\"514\" data-end=\"525\">H\u00e8 2026<\/strong> ch\u00ednh l\u00e0 th\u1eddi \u0111i\u1ec3m v\u00e0ng \u0111\u1ec3 con b\u1ea1n b\u1ee9t ph\u00e1!<\/p>\n<hr data-start=\"571\" data-end=\"574\" \/>\n<h2 data-start=\"576\" data-end=\"608\">\ud83c\udfaf <strong data-start=\"582\" data-end=\"608\">TH\u00d4NG TIN CH\u01af\u01a0NG TR\u00ccNH<\/strong><\/h2>\n<ul data-start=\"609\" data-end=\"1093\">\n<li data-start=\"609\" data-end=\"650\">\n<p data-start=\"611\" data-end=\"650\"><strong data-start=\"611\" data-end=\"625\">\u0110\u1ed1i t\u01b0\u1ee3ng:<\/strong> H\u1ecdc sinh t\u1eeb 10\u201317 tu\u1ed5i<\/p>\n<\/li>\n<li data-start=\"651\" data-end=\"718\">\n<p data-start=\"653\" data-end=\"718\"><strong data-start=\"653\" data-end=\"667\">Th\u1eddi gian:<\/strong> D\u1ef1 ki\u1ebfn <strong data-start=\"676\" data-end=\"686\">1 tu\u1ea7n ho\u1eb7c 2 tu\u1ea7n<\/strong>\u00a0(t\u1eeb th\u00e1ng 6 \u0111\u1ebfn th\u00e1ng 7\/2026)<\/p>\n<\/li>\n<li data-start=\"719\" data-end=\"795\">\n<p data-start=\"721\" data-end=\"795\"><strong data-start=\"721\" data-end=\"734\">\u0110\u1ecba \u0111i\u1ec3m:<\/strong> Sydney, Melbourne, Brisbane, ho\u1eb7c c\u00e1c th\u00e0nh ph\u1ed1 l\u1edbn t\u1ea1i \u00dac<\/p>\n<\/li>\n<li data-start=\"796\" data-end=\"1093\">\n<p data-start=\"798\" data-end=\"824\"><strong data-start=\"798\" data-end=\"824\">N\u1ed9i dung ch\u01b0\u01a1ng tr\u00ecnh:<\/strong><\/p>\n<ul data-start=\"827\" data-end=\"1093\">\n<li data-start=\"827\" data-end=\"861\">\n<p data-start=\"829\" data-end=\"861\">H\u1ecdc ti\u1ebfng Anh t\u1ea1i tr\u01b0\u1eddng qu\u1ed1c t\u1ebf<\/p>\n<\/li>\n<li data-start=\"864\" data-end=\"911\">\n<p data-start=\"866\" data-end=\"911\">Tham gia c\u00e1c l\u1edbp k\u1ef9 n\u0103ng m\u1ec1m, s\u00e1ng t\u1ea1o, STEAM<\/p>\n<\/li>\n<li data-start=\"914\" data-end=\"1020\">\n<p data-start=\"916\" data-end=\"1020\">Giao l\u01b0u v\u0103n h\u00f3a v\u00e0 tham quan danh th\u1eafng n\u1ed5i ti\u1ebfng (Sydney Opera House, v\u01b0\u1eddn th\u00fa, b\u1ea3o t\u00e0ng, bi\u1ec3n Bondi\u2026)<\/p>\n<\/li>\n<li data-start=\"1023\" data-end=\"1093\">\n<p data-start=\"1025\" data-end=\"1093\">\u1ede homestay c\u00f9ng gia \u0111\u00ecnh b\u1ea3n x\u1ee9 \u2013 n\u00e2ng cao k\u1ef9 n\u0103ng s\u1ed1ng v\u00e0 giao ti\u1ebfp<\/p>\n<\/li>\n<\/ul>\n<\/li>\n<\/ul>\n<hr data-start=\"1095\" data-end=\"1098\" \/>\n<h2 data-start=\"1100\" data-end=\"1128\">\ud83c\udf81 <strong data-start=\"1106\" data-end=\"1128\">QUY\u1ec0N L\u1ee2I H\u1eccC VI\u00caN<\/strong><\/h2>\n<ul data-start=\"1129\" data-end=\"1362\">\n<li data-start=\"1129\" data-end=\"1180\">\n<p data-start=\"1131\" data-end=\"1180\">N\u00e2ng cao k\u1ef9 n\u0103ng Anh ng\u1eef trong m\u00f4i tr\u01b0\u1eddng th\u1ef1c t\u1ebf<\/p>\n<\/li>\n<li data-start=\"1181\" data-end=\"1232\">\n<p data-start=\"1183\" data-end=\"1232\">T\u1ef1 tin, \u0111\u1ed9c l\u1eadp v\u00e0 tr\u01b0\u1edfng th\u00e0nh h\u01a1n sau chuy\u1ebfn \u0111i<\/p>\n<\/li>\n<li data-start=\"1233\" data-end=\"1281\">\n<p data-start=\"1235\" data-end=\"1281\">Nh\u1eadn <strong data-start=\"1240\" data-end=\"1281\">ch\u1ee9ng ch\u1ec9 ho\u00e0n th\u00e0nh kh\u00f3a h\u1ecdc qu\u1ed1c t\u1ebf<\/strong><\/p>\n<\/li>\n<li data-start=\"1282\" data-end=\"1362\">\n<p data-start=\"1284\" data-end=\"1362\">L\u00e0 b\u01b0\u1edbc \u0111\u1ec7m quan tr\u1ecdng cho c\u00e1c ch\u01b0\u01a1ng tr\u00ecnh <strong data-start=\"1328\" data-end=\"1362\">du h\u1ecdc d\u00e0i h\u1ea1n trong t\u01b0\u01a1ng lai<\/strong><\/p>\n<\/li>\n<\/ul>\n<hr data-start=\"1364\" data-end=\"1367\" \/>\n<h2 data-start=\"1369\" data-end=\"1413\">\ud83d\udccc <strong data-start=\"1375\" data-end=\"1413\">L\u00dd DO PH\u1ee4 HUYNH N\u00caN CH\u1eccN CH\u00daNG T\u00d4I<\/strong><\/h2>\n<ul data-start=\"1414\" data-end=\"1690\">\n<li data-start=\"1414\" data-end=\"1481\">\n<p data-start=\"1416\" data-end=\"1481\">\u0110\u01a1n v\u1ecb t\u1ed5 ch\u1ee9c uy t\u00edn, nhi\u1ec1u n\u0103m kinh nghi\u1ec7m \u0111\u01b0a h\u1ecdc sinh \u0111i \u00dac<\/p>\n<\/li>\n<li data-start=\"1482\" data-end=\"1547\">\n<p data-start=\"1484\" data-end=\"1547\">C\u00f3 ng\u01b0\u1eddi Vi\u1ec7t \u0111\u1ed3ng h\u00e0nh, h\u1ed7 tr\u1ee3 h\u1ecdc sinh trong su\u1ed1t chuy\u1ebfn \u0111i<\/p>\n<\/li>\n<li data-start=\"1548\" data-end=\"1615\">\n<p data-start=\"1550\" data-end=\"1615\">L\u1ed9 tr\u00ecnh r\u00f5 r\u00e0ng \u2013 h\u1ecdc sinh \u0111\u01b0\u1ee3c \u0111\u1ecbnh h\u01b0\u1edbng tr\u01b0\u1edbc khi kh\u1edfi h\u00e0nh<\/p>\n<\/li>\n<li data-start=\"1616\" data-end=\"1690\">\n<p data-start=\"1618\" data-end=\"1690\">Cam k\u1ebft an to\u00e0n tuy\u1ec7t \u0111\u1ed1i v\u00e0 c\u1eadp nh\u1eadt t\u00ecnh h\u00ecnh li\u00ean t\u1ee5c cho ph\u1ee5 huynh<\/p>\n<\/li>\n<\/ul>\n<hr data-start=\"1692\" data-end=\"1695\" \/>\n<h2 data-start=\"1697\" data-end=\"1742\">\ud83d\udcac <strong data-start=\"1703\" data-end=\"1742\">PH\u1ea2N H\u1ed2I T\u1eea PH\u1ee4 HUYNH C\u00c1C N\u0102M TR\u01af\u1edaC<\/strong><\/h2>\n<blockquote data-start=\"1743\" data-end=\"1919\">\n<p data-start=\"1745\" data-end=\"1919\">\u201cCon m\u00ecnh t\u1eeb nh\u00fat nh\u00e1t tr\u1edf n\u00ean t\u1ef1 tin v\u00e0 th\u00edch n\u00f3i ti\u1ebfng Anh h\u01a1n h\u1eb3n sau chuy\u1ebfn \u0111i \u00dac.\u201d<br data-start=\"1832\" data-end=\"1835\" \/>\u201cM\u1ed7i ng\u00e0y \u0111\u1ec1u nh\u1eadn \u0111\u01b0\u1ee3c \u1ea3nh v\u00e0 b\u00e1o c\u00e1o t\u1eeb gi\u00e1o vi\u00ean \u2013 c\u1ea3m th\u1ea5y y\u00ean t\u00e2m v\u00f4 c\u00f9ng.\u201d<\/p>\n<\/blockquote>\n<hr data-start=\"1921\" data-end=\"1924\" \/>\n<h2 data-start=\"1926\" data-end=\"1951\">\ud83d\udcde <strong data-start=\"1932\" data-end=\"1951\">LI\u00caN H\u1ec6 \u0110\u0102NG K\u00dd<\/strong><\/h2>\n<p data-start=\"1952\" data-end=\"2102\">\ud83c\udf10 Website: <a class=\"cursor-pointer\" target=\"_new\" rel=\"noopener\" data-start=\"1964\" data-end=\"2006\">sss.edu.vn<\/a><br data-start=\"2006\" data-end=\"2009\" \/>\ud83d\udcf1 Hotline\/Zalo: 0898.077.222<br data-start=\"2038\" data-end=\"2041\" \/>\ud83c\udfeb V\u0103n ph\u00f2ng Sunshine School \u2013 c\u00e1c chi nh\u00e1nh tr\u00ean to\u00e0n qu\u1ed1c<\/p>\n<p data-start=\"2104\" data-end=\"2215\">\ud83d\udcc5 <strong data-start=\"2107\" data-end=\"2215\">S\u1ed1 l\u01b0\u1ee3ng h\u1ecdc vi\u00ean gi\u1edbi h\u1ea1n \u2013 \u01afu ti\u00ean h\u1ecdc sinh \u0111\u0103ng k\u00fd s\u1edbm tr\u01b0\u1edbc 31\/12\/2025 \u0111\u1ec3 \u0111\u01b0\u1ee3c nh\u1eadn \u01b0u \u0111\u00e3i \u0111\u1eb7c bi\u1ec7t!<\/strong><\/p>\n<hr data-start=\"2217\" data-end=\"2220\" \/>\n<p data-start=\"2222\" data-end=\"2373\"><strong data-start=\"2222\" data-end=\"2301\">Du h\u1ecdc h\u00e8 \u2013 kh\u00f4ng ch\u1ec9 l\u00e0 m\u1ed9t chuy\u1ebfn \u0111i, m\u00e0 l\u00e0 h\u00e0nh tr\u00ecnh kh\u01a1i m\u1edf t\u01b0\u01a1ng lai!<\/strong><br data-start=\"2301\" data-end=\"2304\" \/>\ud83d\udca1 <strong data-start=\"2307\" data-end=\"2373\">H\u00e3y \u0111\u1ec3 m\u00f9a h\u00e8 2026 tr\u1edf th\u00e0nh m\u00f9a h\u00e8 \u0111\u00e1ng nh\u1edb nh\u1ea5t c\u1ee7a con b\u1ea1n!<\/strong><\/p>\n<p>&nbsp;<\/p>\n<p><strong>M\u1ed9t s\u1ed1 h\u00ecnh \u1ea3nh du h\u1ecdc H\u00e8 t\u1ea1i Melbourne 2025:<\/strong><\/p>\n<p>&nbsp;<\/p>\n\n\t\t<style>\n\t\t\t#gallery-1 {\n\t\t\t\tmargin: auto;\n\t\t\t}\n\t\t\t#gallery-1 .gallery-item {\n\t\t\t\tfloat: left;\n\t\t\t\tmargin-top: 10px;\n\t\t\t\ttext-align: center;\n\t\t\t\twidth: 33%;\n\t\t\t}\n\t\t\t#gallery-1 img {\n\t\t\t\tborder: 2px solid #cfcfcf;\n\t\t\t}\n\t\t\t#gallery-1 .gallery-caption {\n\t\t\t\tmargin-left: 0;\n\t\t\t}\n\t\t\t\/* see gallery_shortcode() in wp-includes\/media.php *\/\n\t\t<\/style>\n\t\t<div id='gallery-1' class='gallery galleryid-1339 gallery-columns-3 gallery-size-large'><dl class='gallery-item'>\n\t\t\t<dt class='gallery-icon portrait'>\n\t\t\t\t<img loading=\"lazy\" decoding=\"async\" width=\"600\" height=\"867\" src=\"https:\/\/sss.edu.vn\/home\/wp-content\/uploads\/2025\/08\/image.png\" class=\"attachment-large size-large\" alt=\"\" srcset=\"https:\/\/sss.edu.vn\/home\/wp-content\/uploads\/2025\/08\/image.png 600w, https:\/\/sss.edu.vn\/home\/wp-content\/uploads\/2025\/08\/image-208x300.png 208w\" sizes=\"auto, (max-width: 600px) 100vw, 600px\" \/>\n\t\t\t<\/dt><\/dl><dl class='gallery-item'>\n\t\t\t<dt class='gallery-icon portrait'>\n\t\t\t\t<img loading=\"lazy\" decoding=\"async\" width=\"600\" height=\"867\" src=\"https:\/\/sss.edu.vn\/home\/wp-content\/uploads\/2025\/08\/image-1.png\" class=\"attachment-large size-large\" alt=\"\" srcset=\"https:\/\/sss.edu.vn\/home\/wp-content\/uploads\/2025\/08\/image-1.png 600w, https:\/\/sss.edu.vn\/home\/wp-content\/uploads\/2025\/08\/image-1-208x300.png 208w\" sizes=\"auto, (max-width: 600px) 100vw, 600px\" \/>\n\t\t\t<\/dt><\/dl><dl class='gallery-item'>\n\t\t\t<dt class='gallery-icon portrait'>\n\t\t\t\t<img loading=\"lazy\" decoding=\"async\" width=\"600\" height=\"800\" src=\"https:\/\/sss.edu.vn\/home\/wp-content\/uploads\/2025\/08\/image-2.png\" class=\"attachment-large size-large\" alt=\"\" srcset=\"https:\/\/sss.edu.vn\/home\/wp-content\/uploads\/2025\/08\/image-2.png 600w, https:\/\/sss.edu.vn\/home\/wp-content\/uploads\/2025\/08\/image-2-225x300.png 225w\" sizes=\"auto, (max-width: 600px) 100vw, 600px\" \/>\n\t\t\t<\/dt><\/dl><br style=\"clear: both\" \/><dl class='gallery-item'>\n\t\t\t<dt class='gallery-icon landscape'>\n\t\t\t\t<img loading=\"lazy\" decoding=\"async\" width=\"600\" height=\"270\" src=\"https:\/\/sss.edu.vn\/home\/wp-content\/uploads\/2025\/08\/image-3.png\" class=\"attachment-large size-large\" alt=\"\" srcset=\"https:\/\/sss.edu.vn\/home\/wp-content\/uploads\/2025\/08\/image-3.png 600w, https:\/\/sss.edu.vn\/home\/wp-content\/uploads\/2025\/08\/image-3-300x135.png 300w\" sizes=\"auto, (max-width: 600px) 100vw, 600px\" \/>\n\t\t\t<\/dt><\/dl><dl class='gallery-item'>\n\t\t\t<dt class='gallery-icon landscape'>\n\t\t\t\t<img loading=\"lazy\" decoding=\"async\" width=\"600\" height=\"270\" src=\"https:\/\/sss.edu.vn\/home\/wp-content\/uploads\/2025\/08\/image-4.png\" class=\"attachment-large size-large\" alt=\"\" srcset=\"https:\/\/sss.edu.vn\/home\/wp-content\/uploads\/2025\/08\/image-4.png 600w, https:\/\/sss.edu.vn\/home\/wp-content\/uploads\/2025\/08\/image-4-300x135.png 300w\" sizes=\"auto, (max-width: 600px) 100vw, 600px\" \/>\n\t\t\t<\/dt><\/dl><dl class='gallery-item'>\n\t\t\t<dt class='gallery-icon landscape'>\n\t\t\t\t<img loading=\"lazy\" decoding=\"async\" width=\"600\" height=\"270\" src=\"https:\/\/sss.edu.vn\/home\/wp-content\/uploads\/2025\/08\/image-5.png\" class=\"attachment-large size-large\" alt=\"\" srcset=\"https:\/\/sss.edu.vn\/home\/wp-content\/uploads\/2025\/08\/image-5.png 600w, https:\/\/sss.edu.vn\/home\/wp-content\/uploads\/2025\/08\/image-5-300x135.png 300w\" sizes=\"auto, (max-width: 600px) 100vw, 600px\" \/>\n\t\t\t<\/dt><\/dl><br style=\"clear: both\" \/><dl class='gallery-item'>\n\t\t\t<dt class='gallery-icon landscape'>\n\t\t\t\t<img loading=\"lazy\" decoding=\"async\" width=\"600\" height=\"450\" src=\"https:\/\/sss.edu.vn\/home\/wp-content\/uploads\/2025\/08\/image-6.png\" class=\"attachment-large size-large\" alt=\"\" srcset=\"https:\/\/sss.edu.vn\/home\/wp-content\/uploads\/2025\/08\/image-6.png 600w, https:\/\/sss.edu.vn\/home\/wp-content\/uploads\/2025\/08\/image-6-300x225.png 300w\" sizes=\"auto, (max-width: 600px) 100vw, 600px\" \/>\n\t\t\t<\/dt><\/dl><dl class='gallery-item'>\n\t\t\t<dt class='gallery-icon landscape'>\n\t\t\t\t<img loading=\"lazy\" decoding=\"async\" width=\"600\" height=\"450\" src=\"https:\/\/sss.edu.vn\/home\/wp-content\/uploads\/2025\/08\/image-7.png\" class=\"attachment-large size-large\" alt=\"\" srcset=\"https:\/\/sss.edu.vn\/home\/wp-content\/uploads\/2025\/08\/image-7.png 600w, https:\/\/sss.edu.vn\/home\/wp-content\/uploads\/2025\/08\/image-7-300x225.png 300w\" sizes=\"auto, (max-width: 600px) 100vw, 600px\" \/>\n\t\t\t<\/dt><\/dl>\n\t\t\t<br style='clear: both' \/>\n\t\t<\/div>\n\n<p>&nbsp;<\/p>\n<p>&nbsp;<\/p>\n<p>&nbsp;<\/p>\n<p>&nbsp;<\/p>\n<p>&nbsp;<\/p>\n<p>&nbsp;<\/p>\n<h2 style=\"margin: 0px 0px 14px; padding: 0px; border: 0px; font-style: normal; font-variant-ligatures: normal; font-variant-caps: normal; font-variant-numeric: inherit; font-variant-east-asian: inherit; font-variant-alternates: inherit; font-variant-position: inherit; font-variant-emoji: inherit; font-weight: 400; font-stretch: inherit; font-size: 2.125em; line-height: 1.3em; font-family: arial; font-optical-sizing: inherit; font-size-adjust: inherit; font-kerning: inherit; font-feature-settings: inherit; font-variation-settings: inherit; vertical-align: baseline; color: #444444; overflow-wrap: break-word; letter-spacing: -0.7px; orphans: 2; text-align: start; text-indent: 0px; text-transform: none; widows: 2; word-spacing: 0px; -webkit-text-stroke-width: 0px; white-space: normal; background-color: #ffffff; text-decoration-thickness: initial; text-decoration-style: initial; text-decoration-color: initial;\" data-start=\"3338\" data-end=\"3387\"><\/h2>\n<h2 style=\"margin: 0px 0px 14px; padding: 0px; border: 0px; font-style: normal; font-variant-ligatures: normal; font-variant-caps: normal; font-variant-numeric: inherit; font-variant-east-asian: inherit; font-variant-alternates: inherit; font-variant-position: inherit; font-variant-emoji: inherit; font-weight: 400; font-stretch: inherit; font-size: 2.125em; line-height: 1.3em; font-family: arial; font-optical-sizing: inherit; font-size-adjust: inherit; font-kerning: inherit; font-feature-settings: inherit; font-variation-settings: inherit; vertical-align: baseline; color: #444444; overflow-wrap: break-word; letter-spacing: -0.7px; orphans: 2; text-align: start; text-indent: 0px; text-transform: none; widows: 2; word-spacing: 0px; -webkit-text-stroke-width: 0px; white-space: normal; background-color: #ffffff; text-decoration-thickness: initial; text-decoration-style: initial; text-decoration-color: initial;\" data-start=\"3338\" data-end=\"3387\"><\/h2>\n<h2 style=\"margin: 0px 0px 14px; padding: 0px; border: 0px; font-style: normal; font-variant-ligatures: normal; font-variant-caps: normal; font-variant-numeric: inherit; font-variant-east-asian: inherit; font-variant-alternates: inherit; font-variant-position: inherit; font-variant-emoji: inherit; font-weight: 400; font-stretch: inherit; font-size: 2.125em; line-height: 1.3em; font-family: arial; font-optical-sizing: inherit; font-size-adjust: inherit; font-kerning: inherit; font-feature-settings: inherit; font-variation-settings: inherit; vertical-align: baseline; color: #444444; overflow-wrap: break-word; letter-spacing: -0.7px; orphans: 2; text-align: start; text-indent: 0px; text-transform: none; widows: 2; word-spacing: 0px; -webkit-text-stroke-width: 0px; white-space: normal; background-color: #ffffff; text-decoration-thickness: initial; text-decoration-style: initial; text-decoration-color: initial;\" data-start=\"3338\" data-end=\"3387\"><img decoding=\"async\" class=\"emoji\" style=\"margin: 0px 0.07em !important; padding: 0px !important; border: none !important; font: inherit; vertical-align: -0.1em !important; max-width: 100%; height: 1em !important; display: inline !important; box-shadow: none !important; width: 1em !important; background: none !important;\" role=\"img\" draggable=\"false\" src=\"https:\/\/s.w.org\/images\/core\/emoji\/15.0.3\/svg\/1f50d.svg\" alt=\"\ud83d\udd0d\" \/>\u00a0QUY TR\u00ccNH T\u01af V\u1ea4N CHUY\u00caN NGHI\u1ec6P &amp; C\u00d4NG KHAI:<\/h2>\n<p style=\"margin: 0px 0px 1em; padding: 0px; border: 0px; font-style: normal; font-variant-ligatures: normal; font-variant-caps: normal; font-variant-numeric: inherit; font-variant-east-asian: inherit; font-variant-alternates: inherit; font-variant-position: inherit; font-variant-emoji: inherit; font-weight: 300; font-stretch: inherit; font-size: 18px; line-height: inherit; font-family: arial; font-optical-sizing: inherit; font-size-adjust: inherit; font-kerning: inherit; font-feature-settings: inherit; font-variation-settings: inherit; vertical-align: baseline; color: #666666; letter-spacing: normal; orphans: 2; text-align: start; text-indent: 0px; text-transform: none; widows: 2; word-spacing: 0px; -webkit-text-stroke-width: 0px; white-space: normal; background-color: #ffffff; text-decoration-thickness: initial; text-decoration-style: initial; text-decoration-color: initial;\" data-start=\"3389\" data-end=\"3758\"><strong style=\"margin: 0px; padding: 0px; border: 0px; font-style: inherit; font-variant: inherit; font-weight: 600; font-stretch: inherit; font-size: inherit; line-height: inherit; font-family: inherit; font-optical-sizing: inherit; font-size-adjust: inherit; font-kerning: inherit; font-feature-settings: inherit; font-variation-settings: inherit; vertical-align: baseline;\" data-start=\"3389\" data-end=\"3400\">B\u01b0\u1edbc 1:<\/strong>\u00a0\u0110\u0103ng k\u00fd t\u01b0 v\u1ea5n (qua Zalo, g\u1ecdi \u0111i\u1ec7n, form \u0111\u0103ng k\u00fd)<br data-start=\"3450\" data-end=\"3453\" \/><strong style=\"margin: 0px; padding: 0px; border: 0px; font-style: inherit; font-variant: inherit; font-weight: 600; font-stretch: inherit; font-size: inherit; line-height: inherit; font-family: inherit; font-optical-sizing: inherit; font-size-adjust: inherit; font-kerning: inherit; font-feature-settings: inherit; font-variation-settings: inherit; vertical-align: baseline;\" data-start=\"3453\" data-end=\"3464\">B\u01b0\u1edbc 2:<\/strong>\u00a0\u0110\u00e1nh gi\u00e1 h\u1ed3 s\u01a1 \u2013 n\u0103ng l\u1ef1c \u2013 m\u1ee5c ti\u00eau<br data-start=\"3501\" data-end=\"3504\" \/><strong style=\"margin: 0px; padding: 0px; border: 0px; font-style: inherit; font-variant: inherit; font-weight: 600; font-stretch: inherit; font-size: inherit; line-height: inherit; font-family: inherit; font-optical-sizing: inherit; font-size-adjust: inherit; font-kerning: inherit; font-feature-settings: inherit; font-variation-settings: inherit; vertical-align: baseline;\" data-start=\"3504\" data-end=\"3515\">B\u01b0\u1edbc 3:<\/strong>\u00a0K\u00fd h\u1ee3p \u0111\u1ed3ng \u2013 ti\u1ebfn h\u00e0nh x\u1eed l\u00fd h\u1ed3 s\u01a1<br data-start=\"3551\" data-end=\"3554\" \/><strong style=\"margin: 0px; padding: 0px; border: 0px; font-style: inherit; font-variant: inherit; font-weight: 600; font-stretch: inherit; font-size: inherit; line-height: inherit; font-family: inherit; font-optical-sizing: inherit; font-size-adjust: inherit; font-kerning: inherit; font-feature-settings: inherit; font-variation-settings: inherit; vertical-align: baseline;\" data-start=\"3554\" data-end=\"3565\">B\u01b0\u1edbc 4:<\/strong>\u00a0Chu\u1ea9n b\u1ecb ph\u1ecfng v\u1ea5n \u2013 n\u1ed9p visa \u2013 ch\u1edd k\u1ebft qu\u1ea3<br data-start=\"3609\" data-end=\"3612\" \/><strong style=\"margin: 0px; padding: 0px; border: 0px; font-style: inherit; font-variant: inherit; font-weight: 600; font-stretch: inherit; font-size: inherit; line-height: inherit; font-family: inherit; font-optical-sizing: inherit; font-size-adjust: inherit; font-kerning: inherit; font-feature-settings: inherit; font-variation-settings: inherit; vertical-align: baseline;\" data-start=\"3612\" data-end=\"3623\">B\u01b0\u1edbc 5:<\/strong>\u00a0T\u1eadp hu\u1ea5n k\u1ef9 n\u0103ng, v\u0103n h\u00f3a \u2013 chu\u1ea9n b\u1ecb bay<br data-start=\"3664\" data-end=\"3667\" \/><strong style=\"margin: 0px; padding: 0px; border: 0px; font-style: inherit; font-variant: inherit; font-weight: 600; font-stretch: inherit; font-size: inherit; line-height: inherit; font-family: inherit; font-optical-sizing: inherit; font-size-adjust: inherit; font-kerning: inherit; font-feature-settings: inherit; font-variation-settings: inherit; vertical-align: baseline;\" data-start=\"3667\" data-end=\"3678\">B\u01b0\u1edbc 6:<\/strong>\u00a0H\u1ed7 tr\u1ee3 khi \u0111\u00e3 sang n\u01b0\u1edbc ngo\u00e0i \u2013 k\u1ebft n\u1ed1i c\u1ed9ng \u0111\u1ed3ng \u2013 theo d\u00f5i ti\u1ebfn tr\u00ecnh h\u1ecdc t\u1eadp<\/p>\n<p data-start=\"2222\" data-end=\"2373\">\n","protected":false},"excerpt":{"rendered":"<p>\ud83c\udde6\ud83c\uddfa\u2708\ufe0f TUY\u1ec2N SINH CH\u01af\u01a0NG TR\u00ccNH DU H\u1eccC H\u00c8 \u00daC 2026 \u2708\ufe0f\ud83c\udde6\ud83c\uddfaTr\u1ea3i nghi\u1ec7m n\u01b0\u1edbc \u00dac \u2013 N\u00e2ng t\u1ea7m t\u01b0\u01a1ng lai! B\u1ea1n mu\u1ed1n con m\u00ecnh \u0111\u01b0\u1ee3c: \ud83c\udf0f R\u00e8n luy\u1ec7n kh\u1ea3 n\u0103ng giao ti\u1ebfp ti\u1ebfng Anh t\u1ef1&#46;&#46;&#46;<\/p>\n","protected":false},"author":1,"featured_media":0,"parent":0,"menu_order":0,"comment_status":"closed","ping_status":"closed","template":"","meta":{"footnotes":""},"class_list":["post-1339","page","type-page","status-publish","hentry"],"_links":{"self":[{"href":"https:\/\/sss.edu.vn\/home\/wp-json\/wp\/v2\/pages\/1339","targetHints":{"allow":["GET"]}}],"collection":[{"href":"https:\/\/sss.edu.vn\/home\/wp-json\/wp\/v2\/pages"}],"about":[{"href":"https:\/\/sss.edu.vn\/home\/wp-json\/wp\/v2\/types\/page"}],"author":[{"embeddable":true,"href":"https:\/\/sss.edu.vn\/home\/wp-json\/wp\/v2\/users\/1"}],"replies":[{"embeddable":true,"href":"https:\/\/sss.edu.vn\/home\/wp-json\/wp\/v2\/comments?post=1339"}],"version-history":[{"count":5,"href":"https:\/\/sss.edu.vn\/home\/wp-json\/wp\/v2\/pages\/1339\/revisions"}],"predecessor-version":[{"id":1352,"href":"https:\/\/sss.edu.vn\/home\/wp-json\/wp\/v2\/pages\/1339\/revisions\/1352"}],"wp:attachment":[{"href":"https:\/\/sss.edu.vn\/home\/wp-json\/wp\/v2\/media?parent=1339"}],"curies":[{"name":"wp","href":"https:\/\/api.w.org\/{rel}","templated":true}]}}