{"id":1359,"date":"2025-08-20T12:03:18","date_gmt":"2025-08-20T05:03:18","guid":{"rendered":"https:\/\/sss.edu.vn\/home\/?page_id=1359"},"modified":"2025-08-25T09:20:33","modified_gmt":"2025-08-25T02:20:33","slug":"founder","status":"publish","type":"page","link":"https:\/\/sss.edu.vn\/home\/founder","title":{"rendered":"Founder \u2013 Sunshine Education &#038; Technology (Sunshine School, SSSEDU)"},"content":{"rendered":"<h1 data-start=\"198\" data-end=\"256\">Founder \u2013 Sunshine Education &amp; Technology (SSSEDU, Sunshine School)<\/h1>\n<h2 data-start=\"258\" data-end=\"311\">\ud83c\uddfb\ud83c\uddf3 Gi\u1edbi thi\u1ec7u v\u1ec1 Nh\u00e0 s\u00e1ng l\u1eadp \u2013 Phillip Nguyen<\/h2>\n<p data-start=\"313\" data-end=\"416\"><img decoding=\"async\" src=\"https:\/\/phillip.vn\/Phillip_Nguyen.jpg\" alt=\"Phillip Nguyen - Founder of Sunshine Education &amp; Technology\" data-start=\"313\" data-end=\"414\" \/><\/p>\n<p data-start=\"418\" data-end=\"722\"><strong data-start=\"418\" data-end=\"460\">Phillip Nguyen (Nguy\u1ec5n Th\u00e0nh Tu\u1ea5n Anh)<\/strong>, th\u01b0\u1eddng \u0111\u01b0\u1ee3c bi\u1ebft \u0111\u1ebfn v\u1edbi t\u00ean <strong data-start=\"491\" data-end=\"504\">Phillip9x<\/strong>, l\u00e0 nh\u00e0 s\u00e1ng l\u1eadp c\u1ee7a <strong data-start=\"526\" data-end=\"567\">Sunshine Education &amp; Technology (SSS)<\/strong>.<br data-start=\"568\" data-end=\"571\" \/>Sinh ra v\u00e0 l\u1edbn l\u00ean t\u1ea1i \u0110\u1ed3 S\u01a1n \u2013 H\u1ea3i Ph\u00f2ng, anh l\u00e0 m\u1ed9t <strong data-start=\"625\" data-end=\"719\">gi\u1ea3ng vi\u00ean C\u00f4ng ngh\u1ec7 th\u00f4ng tin, t\u00e1c gi\u1ea3, doanh nh\u00e2n EdTech, h\u01b0\u1edbng d\u1eabn vi\u00ean du l\u1ecbch qu\u1ed1c t\u1ebf<\/strong>.<\/p>\n<p data-start=\"724\" data-end=\"926\">V\u1edbi h\u01a1n <strong data-start=\"732\" data-end=\"799\">10 n\u0103m kinh nghi\u1ec7m trong gi\u00e1o d\u1ee5c, c\u00f4ng ngh\u1ec7 v\u00e0 \u0111\u00e0o t\u1ea1o qu\u1ed1c t\u1ebf<\/strong>, Phillip Nguyen \u0111\u00e3 s\u00e1ng l\u1eadp nhi\u1ec1u d\u1ef1 \u00e1n gi\u00e1o d\u1ee5c t\u1ea1i Vi\u1ec7t Nam, Th\u00e1i Lan, \u00dac v\u00e0 xu\u1ea5t b\u1ea3n cu\u1ed1n s\u00e1ch <em data-start=\"898\" data-end=\"923\">\u201cDreams! H\u00e3y c\u1ee9 \u01b0\u1edbc m\u01a1\u201d<\/em>.<\/p>\n<hr data-start=\"928\" data-end=\"931\" \/>\n<h3 data-start=\"933\" data-end=\"962\">\ud83c\udf93 H\u00e0nh tr\u00ecnh &amp; Th\u00e0nh t\u1ef1u<\/h3>\n<ul data-start=\"963\" data-end=\"1493\">\n<li data-start=\"963\" data-end=\"1048\">\n<p data-start=\"965\" data-end=\"1048\"><strong data-start=\"965\" data-end=\"980\">2009 \u2013 2013<\/strong>: T\u1ed1t nghi\u1ec7p ng\u00e0nh C\u00f4ng ngh\u1ec7 Th\u00f4ng tin, \u0110\u1ea1i h\u1ecdc H\u00e0ng h\u1ea3i Vi\u1ec7t Nam.<\/p>\n<\/li>\n<li data-start=\"1049\" data-end=\"1103\">\n<p data-start=\"1051\" data-end=\"1103\"><strong data-start=\"1051\" data-end=\"1059\">2010<\/strong>: Gi\u1ea3i Ba MOS World Championship Vi\u1ec7t Nam.<\/p>\n<\/li>\n<li data-start=\"1104\" data-end=\"1191\">\n<p data-start=\"1106\" data-end=\"1191\"><strong data-start=\"1106\" data-end=\"1121\">2014 \u2013 2020<\/strong>: Gi\u1ea3ng vi\u00ean, nh\u00e0 \u0111\u00e0o t\u1ea1o CNTT v\u00e0 ti\u1ebfng Anh t\u1ea1i Vi\u1ec7t Nam &amp; Th\u00e1i Lan.<\/p>\n<\/li>\n<li data-start=\"1192\" data-end=\"1254\">\n<p data-start=\"1194\" data-end=\"1254\"><strong data-start=\"1194\" data-end=\"1202\">2017<\/strong>: \u0110\u1ed3ng s\u00e1ng l\u1eadp trung t\u00e2m ngo\u1ea1i ng\u1eef t\u1ea1i H\u1ea3i Ph\u00f2ng.<\/p>\n<\/li>\n<li data-start=\"1255\" data-end=\"1313\">\n<p data-start=\"1257\" data-end=\"1313\"><strong data-start=\"1257\" data-end=\"1265\">2018<\/strong>: Th\u00e0nh l\u1eadp Sunshine Language Center \u2013 \u0110\u1ed3 S\u01a1n.<\/p>\n<\/li>\n<li data-start=\"1314\" data-end=\"1359\">\n<p data-start=\"1316\" data-end=\"1359\"><strong data-start=\"1316\" data-end=\"1331\">2020 \u2013 2023<\/strong>: S\u1ed1ng &amp; gi\u1ea3ng d\u1ea1y t\u1ea1i \u00dac.<\/p>\n<\/li>\n<li data-start=\"1360\" data-end=\"1493\">\n<p data-start=\"1362\" data-end=\"1493\"><strong data-start=\"1362\" data-end=\"1376\">2023 \u2013 nay<\/strong>: Ph\u00e1t tri\u1ec3n <strong data-start=\"1389\" data-end=\"1430\">Sunshine Education &amp; Technology (SSS)<\/strong> \u2013 h\u1ec7 th\u1ed1ng gi\u00e1o d\u1ee5c \u1ee9ng d\u1ee5ng c\u00f4ng ngh\u1ec7, ngo\u1ea1i ng\u1eef v\u00e0 du h\u1ecdc.<\/p>\n<\/li>\n<\/ul>\n<hr data-start=\"1495\" data-end=\"1498\" \/>\n<h3 data-start=\"1500\" data-end=\"1522\">\ud83d\ude80 S\u1ee9 m\u1ec7nh c\u00e1 nh\u00e2n<\/h3>\n<p data-start=\"1523\" data-end=\"1698\">Phillip Nguyen mong mu\u1ed1n k\u1ebft h\u1ee3p <strong data-start=\"1556\" data-end=\"1595\">Gi\u00e1o d\u1ee5c \u2013 C\u00f4ng ngh\u1ec7 \u2013 To\u00e0n c\u1ea7u h\u00f3a<\/strong>, gi\u00fap h\u1ecdc vi\u00ean Vi\u1ec7t Nam ti\u1ebfp c\u1eadn tri th\u1ee9c v\u00e0 c\u01a1 h\u1ed9i qu\u1ed1c t\u1ebf m\u1ed9t c\u00e1ch hi\u1ec7u qu\u1ea3, s\u00e1ng t\u1ea1o v\u00e0 b\u1ec1n v\u1eefng.<\/p>\n<hr data-start=\"1700\" data-end=\"1703\" \/>\n<h2 data-start=\"2070\" data-end=\"2114\"><\/h2>\n<p>&nbsp;<\/p>\n<p>&nbsp;<\/p>\n<h2 data-start=\"2070\" data-end=\"2114\">\ud83c\uddec\ud83c\udde7 About the Founder \u2013 Phillip Nguyen<\/h2>\n<p data-start=\"2221\" data-end=\"2491\"><strong data-start=\"2221\" data-end=\"2263\">Phillip Nguyen (Thanh Tuan Anh Nguyen)<\/strong>, also known as <strong data-start=\"2279\" data-end=\"2292\">Phillip9x<\/strong>, is the founder of <strong data-start=\"2312\" data-end=\"2353\">Sunshine Education &amp; Technology (SSS)<\/strong>.<br data-start=\"2354\" data-end=\"2357\" \/>Born and raised in Do Son \u2013 Hai Phong, Vietnam, he is an <strong data-start=\"2414\" data-end=\"2488\">IT lecturer, author, EdTech entrepreneur, and international tour guide<\/strong>.<\/p>\n<p data-start=\"2493\" data-end=\"2736\">With over <strong data-start=\"2503\" data-end=\"2582\">10 years of experience in education, technology, and international training<\/strong>, Phillip Nguyen has established education projects in Vietnam, Thailand, and Australia, and published the inspirational book <em data-start=\"2708\" data-end=\"2733\">\u201cDreams! H\u00e3y c\u1ee9 \u01b0\u1edbc m\u01a1\u201d<\/em>.<\/p>\n<hr data-start=\"2738\" data-end=\"2741\" \/>\n<h3 data-start=\"2743\" data-end=\"2772\">\ud83c\udf93 Journey &amp; Achievements<\/h3>\n<ul data-start=\"2773\" data-end=\"3304\">\n<li data-start=\"2773\" data-end=\"2859\">\n<p data-start=\"2775\" data-end=\"2859\"><strong data-start=\"2775\" data-end=\"2790\">2009 \u2013 2013<\/strong>: Graduated in Information Technology, Vietnam Maritime University.<\/p>\n<\/li>\n<li data-start=\"2860\" data-end=\"2918\">\n<p data-start=\"2862\" data-end=\"2918\"><strong data-start=\"2862\" data-end=\"2870\">2010<\/strong>: 3rd Prize at MOS World Championship Vietnam.<\/p>\n<\/li>\n<li data-start=\"2919\" data-end=\"2992\">\n<p data-start=\"2921\" data-end=\"2992\"><strong data-start=\"2921\" data-end=\"2936\">2014 \u2013 2020<\/strong>: IT lecturer &amp; English trainer in Vietnam &amp; Thailand.<\/p>\n<\/li>\n<li data-start=\"2993\" data-end=\"3049\">\n<p data-start=\"2995\" data-end=\"3049\"><strong data-start=\"2995\" data-end=\"3003\">2017<\/strong>: Co-founded an English center in Hai Phong.<\/p>\n<\/li>\n<li data-start=\"3050\" data-end=\"3106\">\n<p data-start=\"3052\" data-end=\"3106\"><strong data-start=\"3052\" data-end=\"3060\">2018<\/strong>: Founded Sunshine Language Center \u2013 Do Son.<\/p>\n<\/li>\n<li data-start=\"3107\" data-end=\"3156\">\n<p data-start=\"3109\" data-end=\"3156\"><strong data-start=\"3109\" data-end=\"3124\">2020 \u2013 2023<\/strong>: Lived &amp; taught in Australia.<\/p>\n<\/li>\n<li data-start=\"3157\" data-end=\"3304\">\n<p data-start=\"3159\" data-end=\"3304\"><strong data-start=\"3159\" data-end=\"3177\">2023 \u2013 present<\/strong>: Expanded into <strong data-start=\"3193\" data-end=\"3234\">Sunshine Education &amp; Technology (SSS)<\/strong> \u2013 focusing on EdTech, language learning, and study abroad services.<\/p>\n<\/li>\n<\/ul>\n<hr data-start=\"3306\" data-end=\"3309\" \/>\n<h3 data-start=\"3311\" data-end=\"3334\">\ud83d\ude80 Personal Mission<\/h3>\n<p data-start=\"3335\" data-end=\"3525\">Phillip Nguyen aims to integrate <strong data-start=\"3368\" data-end=\"3410\">Education \u2013 Technology \u2013 Globalization<\/strong>, empowering Vietnamese learners to access international knowledge and opportunities effectively and sustainably.<\/p>\n<h3 data-start=\"3532\" data-end=\"3559\"><\/h3>\n<p data-start=\"3532\" data-end=\"3559\">#Phillip9x #Phillip42k #PhillipEdTech #PhillipVN #PhilllipCEO<\/p>\n<h3 data-start=\"3532\" data-end=\"3559\">\ud83d\udd17 Connect with Phillip<\/h3>\n<ul data-start=\"3560\" data-end=\"3890\">\n<li data-start=\"3560\" data-end=\"3608\">\n<p data-start=\"3562\" data-end=\"3608\">\ud83c\udf10 Website: <a class=\"decorated-link\" href=\"https:\/\/phillip.vn\" target=\"_new\" rel=\"noopener\" data-start=\"3574\" data-end=\"3606\">Phillip.vn<\/a><\/p>\n<\/li>\n<li data-start=\"3609\" data-end=\"3688\">\ud83c\udf10 <a href=\"http:\/\/phillip.vn\/about-me\">phillip.vn\/about-me\u00a0<\/a><\/li>\n<li data-start=\"3609\" data-end=\"3688\">\ud83c\udf10 <a href=\"https:\/\/tien.edu.vn\/phillip9x\/\">https:\/\/tien.edu.vn\/phillip9x\/<\/a><\/li>\n<li data-start=\"3609\" data-end=\"3688\">\n<p data-start=\"3611\" data-end=\"3688\">\ud83d\udd17 LinkedIn: <a class=\"decorated-link\" href=\"https:\/\/linkedin.com\/in\/phillip9x\" target=\"_new\" rel=\"noopener\" data-start=\"3624\" data-end=\"3686\">linkedin.com\/in\/phillip9x<\/a><\/p>\n<\/li>\n<li data-start=\"3689\" data-end=\"3762\">\n<p data-start=\"3691\" data-end=\"3762\">\ud83d\udcd8 Facebook: <a class=\"decorated-link\" href=\"https:\/\/facebook.com\/phillip9x\" target=\"_new\" rel=\"noopener\" data-start=\"3704\" data-end=\"3760\">facebook.com\/phillip9x<\/a><\/p>\n<\/li>\n<li data-start=\"3763\" data-end=\"3827\">\n<p data-start=\"3765\" data-end=\"3827\">\ud83d\udcfa YouTube: <a class=\"decorated-link\" href=\"https:\/\/www.youtube.com\/@phillip9x\" target=\"_new\" rel=\"noopener\" data-start=\"3777\" data-end=\"3825\">@phillip9x<\/a><\/p>\n<\/li>\n<li data-start=\"3828\" data-end=\"3890\">\n<p data-start=\"3830\" data-end=\"3890\">\ud83c\udfb5 TikTok: <a class=\"decorated-link\" href=\"https:\/\/www.tiktok.com\/@phillip9x\" target=\"_new\" rel=\"noopener\" data-start=\"3841\" data-end=\"3888\">@phillip9x<\/a><\/p>\n<\/li>\n<\/ul>\n","protected":false},"excerpt":{"rendered":"<p>Founder \u2013 Sunshine Education &amp; Technology (SSSEDU, Sunshine School) \ud83c\uddfb\ud83c\uddf3 Gi\u1edbi thi\u1ec7u v\u1ec1 Nh\u00e0 s\u00e1ng l\u1eadp \u2013 Phillip Nguyen Phillip Nguyen (Nguy\u1ec5n Th\u00e0nh Tu\u1ea5n Anh), th\u01b0\u1eddng \u0111\u01b0\u1ee3c bi\u1ebft \u0111\u1ebfn v\u1edbi t\u00ean Phillip9x, l\u00e0 nh\u00e0&#46;&#46;&#46;<\/p>\n","protected":false},"author":1,"featured_media":1360,"parent":0,"menu_order":0,"comment_status":"closed","ping_status":"closed","template":"","meta":{"footnotes":""},"class_list":["post-1359","page","type-page","status-publish","has-post-thumbnail","hentry"],"_links":{"self":[{"href":"https:\/\/sss.edu.vn\/home\/wp-json\/wp\/v2\/pages\/1359","targetHints":{"allow":["GET"]}}],"collection":[{"href":"https:\/\/sss.edu.vn\/home\/wp-json\/wp\/v2\/pages"}],"about":[{"href":"https:\/\/sss.edu.vn\/home\/wp-json\/wp\/v2\/types\/page"}],"author":[{"embeddable":true,"href":"https:\/\/sss.edu.vn\/home\/wp-json\/wp\/v2\/users\/1"}],"replies":[{"embeddable":true,"href":"https:\/\/sss.edu.vn\/home\/wp-json\/wp\/v2\/comments?post=1359"}],"version-history":[{"count":6,"href":"https:\/\/sss.edu.vn\/home\/wp-json\/wp\/v2\/pages\/1359\/revisions"}],"predecessor-version":[{"id":1368,"href":"https:\/\/sss.edu.vn\/home\/wp-json\/wp\/v2\/pages\/1359\/revisions\/1368"}],"wp:featuredmedia":[{"embeddable":true,"href":"https:\/\/sss.edu.vn\/home\/wp-json\/wp\/v2\/media\/1360"}],"wp:attachment":[{"href":"https:\/\/sss.edu.vn\/home\/wp-json\/wp\/v2\/media?parent=1359"}],"curies":[{"name":"wp","href":"https:\/\/api.w.org\/{rel}","templated":true}]}}