{"id":155,"date":"2017-12-10T15:11:41","date_gmt":"2017-12-10T15:11:41","guid":{"rendered":"http:\/\/ieltsdoson.com\/?page_id=155"},"modified":"2025-08-04T13:32:57","modified_gmt":"2025-08-04T06:32:57","slug":"khoa-hoc-tieng-anh-sunshine-school-tieng-anh-do-son-tieng-anh-hai-phong-tieng-anh-nha-trang","status":"publish","type":"page","link":"https:\/\/sss.edu.vn\/home\/khoa-hoc-tieng-anh-sunshine-school-tieng-anh-do-son-tieng-anh-hai-phong-tieng-anh-nha-trang","title":{"rendered":"C\u00e1c kh\u00f3a h\u1ecdc"},"content":{"rendered":"<p><strong>N\u1ed8I DUNG CH\u01af\u01a0NG TR\u00ccNH \u0110\u00c0O T\u1ea0O<\/strong><\/p>\n<p><strong><em>CH\u00cdNH S\u00c1CH CHUNG: <\/em><\/strong><\/p>\n<ul>\n<li>C\u00e1c kh\u00f3a h\u1ecdc \u0111\u1ec1u s\u1eed d\u1ee5ng gi\u00e1o tr\u00ecnh chu\u1ea9n Anh (ho\u1eb7c M\u1ef9) l\u00e0m t\u00e0i li\u1ec7u gi\u1ea3ng d\u1ea1y ch\u00ednh, k\u1ebft h\u1ee3p v\u1edbi t\u00e0i li\u1ec7u tham kh\u1ea3o v\u00e0 t\u00e0i li\u1ec7u do trung t\u00e2m t\u1ef1 bi\u00ean so\u1ea1n.<\/li>\n<li>Gi\u00e1o vi\u00ean d\u1ea1y \u0111\u1ec1u theo ch\u01b0\u01a1ng tr\u00ecnh chu\u1ea9n, v\u00e0 \u0111\u01b0\u1ee3c ki\u1ec3m tra k\u1ef9 v\u1ec1 chuy\u00ean m\u00f4n v\u00e0 kh\u1ea3 n\u0103ng s\u01b0 ph\u1ea1m, c\u00e1c kh\u00f3a h\u1ecdc \u1edf trung t\u00e2m \u0111\u01b0\u1ee3c gi\u1ea3ng d\u1ea1y b\u01a1i v\u1eeba gi\u00e1o vi\u00ean n\u01b0\u1edbc ngo\u00e0i v\u1eeba gi\u00e1o vi\u00ean Vi\u1ec7t Nam.<\/li>\n<li>Kh\u00f3a h\u1ecdc chu\u1ea9n d\u00e0nh cho tr\u1ebb em, h\u1ecdc sinh c\u1ea5p 1,2 \u0111\u01b0\u1ee3c thi\u1ebft k\u1ebf h\u1ecdc 1 tu\u1ea7n 2 bu\u1ed5i (ngo\u00e0i gi\u1edd h\u00e0nh ch\u00ednh) v\u1edbi ch\u01b0\u01a1ng tr\u00ecnh h\u1ecdc trung b\u00ecnh 6-8 th\u00e1ng \/ tr\u00ecnh \u0111\u1ed9 h\u1ecdc. H\u1ecdc vi\u00ean s\u1ebd \u0111\u01b0\u1ee3c \u0111\u00e1nh gi\u00e1 \u0111\u1ea7u v\u00e0o \u0111\u1ec3 t\u01b0 v\u1ea5n v\u00e0o l\u1edbp h\u1ecdc ph\u00f9 h\u1ee3p nh\u1ea5t \u0111\u1ec3 c\u00f3 th\u1ec3 ph\u00e1t huy t\u1ed1i \u0111a ti\u1ec1m n\u0103ng ngo\u1ea1i ng\u1eef c\u1ee7a b\u00e9.<\/li>\n<li>M\u1ed9t l\u1edbp h\u1ecdc chu\u1ea9n t\u1ea1i trung t\u00e2m s\u1ebd c\u00f3 t\u1eeb 10-16 h\u1ecdc vi\u00ean.<\/li>\n<li>H\u1ecdc vi\u00ean \u1edf trung t\u00e2m s\u1ebd \u0111\u01b0\u1ee3c ki\u1ec3m tra, \u0111\u00e1nh gi\u00e1 \u0111\u1ecbnh k\u1ef3 theo th\u00e1ng, \u0111\u1ec3 c\u00f3 t\u01b0 v\u1ea5n ph\u00f9 h\u1ee3p v\u1edbi t\u1eebng h\u1ecdc vi\u00ean, c\u00f9ng ph\u1ee5 huynh \u0111\u1ecbnh h\u01b0\u1edbng h\u1ecdc t\u1eadp t\u1ed1t nh\u1ea5t cho con em m\u00ecnh.<\/li>\n<li>H\u1ecdc ph\u00ed t\u1ea1i trung t\u00e2m \u0111\u01b0\u1ee3c t\u00ednh theo th\u00e1ng, v\u00e0 \u0111\u01b0\u1ee3c \u0111\u00f3ng theo th\u00e1ng v\u00e0o \u0111\u1ea7u m\u1ed7i th\u00e1ng h\u1ecdc.<\/li>\n<\/ul>\n<p><strong><em>* Ghi ch\u00fa:<\/em><\/strong><em> C\u00e1c ch\u00ednh s\u00e1ch v\u1ec1 \u0111\u00e0o t\u1ea1o t\u1ea1i trung t\u00e2m c\u00f3 th\u1ec3 \u0111\u01b0\u1ee3c \u0111i\u1ec1u ch\u1ec9nh ph\u00f9 h\u1ee3p theo th\u1eddi \u0111i\u1ec3m v\u00e0 t\u00ecnh h\u00ecnh th\u1ef1c t\u1ebf\u2026<\/em><\/p>\n<p>C\u00c1C KH\u00d3A H\u1eccC CH\u00cdNH D\u00c0NH CHO TR\u1eba M\u1eaaU GI\u00c1O, H\u1eccC SINH TI\u1ec2U H\u1eccC, H\u1eccC SINH THCS (*<em>h\u1ecdc ph\u00ed tham kh\u1ea3o, c\u00f3 s\u1ef1 kh\u00e1c bi\u1ec7t \u1edf t\u1eebng \u0111\u1ecba \u0111i\u1ec3m v\u00e0 th\u1eddi \u0111i\u1ec3m<\/em>):<\/p>\n<p><img loading=\"lazy\" decoding=\"async\" class=\"aligncenter wp-image-484 size-large\" src=\"https:\/\/sss.edu.vn\/home\/wp-content\/uploads\/2018\/07\/KH\u00d3A-H\u1eccC-2018-1024x736.png\" alt=\"\" width=\"1024\" height=\"736\" srcset=\"https:\/\/sss.edu.vn\/home\/wp-content\/uploads\/2018\/07\/KH\u00d3A-H\u1eccC-2018-1024x736.png 1024w, https:\/\/sss.edu.vn\/home\/wp-content\/uploads\/2018\/07\/KH\u00d3A-H\u1eccC-2018-300x216.png 300w, https:\/\/sss.edu.vn\/home\/wp-content\/uploads\/2018\/07\/KH\u00d3A-H\u1eccC-2018-768x552.png 768w, https:\/\/sss.edu.vn\/home\/wp-content\/uploads\/2018\/07\/KH\u00d3A-H\u1eccC-2018.png 1501w\" sizes=\"auto, (max-width: 1024px) 100vw, 1024px\" \/><\/p>\n<p><em><strong><span style=\"text-decoration: underline;\">*Ghi ch\u00fa:<\/span> <\/strong><\/em><\/p>\n<ul>\n<li><em>Tr\u00ean l\u00e0 th\u00f4ng tin tham kh\u1ea3o (t\u1eeb T7\/2018)<\/em><\/li>\n<li><em>Sunshine School \u0111\u00e3 chuy\u1ec3n \u0111\u1ed5i ch\u01b0\u01a1ng tr\u00ecnh h\u1ecdc t\u1eeb b\u1ed9 chu\u1ea9n Oxford sang b\u1ed9 chu\u1ea9n Cambridge t\u01b0\u01a1ng \u0111\u01b0\u01a1ng t\u1eeb T9\/2024.<\/em><\/li>\n<\/ul>\n<p>&nbsp;<\/p>\n<p><strong>Xem chi ti\u1ebft n\u1ed9i dung c\u1ee7a t\u1eebng kh\u00f3a h\u1ecdc t\u1ea1i \u0111\u00e2y:<\/strong><\/p>\n<p><a href=\"https:\/\/sss.edu.vn\/home\/sunshine\/khoa-hoc-sunshine-school\"><strong>https:\/\/sss.edu.vn\/home\/sunshine\/khoa-hoc-sunshine-school\u00a0<\/strong><\/a><\/p>\n<p>&nbsp;<\/p>\n<p>&nbsp;<\/p>\n<p>* C\u00c1C CH\u01af\u01a0NG TR\u00ccNH H\u1eccC TI\u1ebeNG ANH GIAO TI\u1ebeP, LUY\u1ec6N THI IELTS, H\u1eccC THEO NHU C\u1ea6U, XIN VUI L\u00d2NG LI\u00caN H\u1ec6 \u0110\u1ec2 C\u00d3 TH\u00d4NG TIN CHI TI\u1ebeT. <strong>Hotline 0898.077.222<\/strong><\/p>\n<p>** NGO\u00c0I RA, B\u1ea0N C\u0168NG C\u00d3 TH\u1ec2 THAM KH\u1ea2O C\u00c1C KH\u00d3A H\u1eccC TI\u1ebeNG ANH ONLINE 1:1 CHO H\u1eccC SINH 6-14 TU\u1ed4I \/ HO\u1eb6C IELTS ONLINE CAM K\u1ebeT \u0110\u1ea6U RA ONLINE 1:8 T\u1ea0I <a href=\"http:\/\/hocmai.link\/2edu\">http:\/\/hocmai.link\/2edu<\/a><\/p>\n","protected":false},"excerpt":{"rendered":"<p>N\u1ed8I DUNG CH\u01af\u01a0NG TR\u00ccNH \u0110\u00c0O T\u1ea0O CH\u00cdNH S\u00c1CH CHUNG: C\u00e1c kh\u00f3a h\u1ecdc \u0111\u1ec1u s\u1eed d\u1ee5ng gi\u00e1o tr\u00ecnh chu\u1ea9n Anh (ho\u1eb7c M\u1ef9) l\u00e0m t\u00e0i li\u1ec7u gi\u1ea3ng d\u1ea1y ch\u00ednh, k\u1ebft h\u1ee3p v\u1edbi t\u00e0i li\u1ec7u tham kh\u1ea3o&#46;&#46;&#46;<\/p>\n","protected":false},"author":1,"featured_media":590,"parent":0,"menu_order":0,"comment_status":"closed","ping_status":"closed","template":"","meta":{"footnotes":""},"class_list":["post-155","page","type-page","status-publish","has-post-thumbnail","hentry"],"_links":{"self":[{"href":"https:\/\/sss.edu.vn\/home\/wp-json\/wp\/v2\/pages\/155","targetHints":{"allow":["GET"]}}],"collection":[{"href":"https:\/\/sss.edu.vn\/home\/wp-json\/wp\/v2\/pages"}],"about":[{"href":"https:\/\/sss.edu.vn\/home\/wp-json\/wp\/v2\/types\/page"}],"author":[{"embeddable":true,"href":"https:\/\/sss.edu.vn\/home\/wp-json\/wp\/v2\/users\/1"}],"replies":[{"embeddable":true,"href":"https:\/\/sss.edu.vn\/home\/wp-json\/wp\/v2\/comments?post=155"}],"version-history":[{"count":9,"href":"https:\/\/sss.edu.vn\/home\/wp-json\/wp\/v2\/pages\/155\/revisions"}],"predecessor-version":[{"id":1288,"href":"https:\/\/sss.edu.vn\/home\/wp-json\/wp\/v2\/pages\/155\/revisions\/1288"}],"wp:featuredmedia":[{"embeddable":true,"href":"https:\/\/sss.edu.vn\/home\/wp-json\/wp\/v2\/media\/590"}],"wp:attachment":[{"href":"https:\/\/sss.edu.vn\/home\/wp-json\/wp\/v2\/media?parent=155"}],"curies":[{"name":"wp","href":"https:\/\/api.w.org\/{rel}","templated":true}]}}