{"id":612,"date":"2020-11-11T06:39:18","date_gmt":"2020-11-10T23:39:18","guid":{"rendered":"https:\/\/sss.edu.vn\/home\/?page_id=612"},"modified":"2025-12-23T14:04:20","modified_gmt":"2025-12-23T07:04:20","slug":"gioi-thieu-sunshine-school","status":"publish","type":"page","link":"https:\/\/sss.edu.vn\/home\/gioi-thieu-sunshine-school","title":{"rendered":"Gi\u1edbi thi\u1ec7u"},"content":{"rendered":"\r\n<p><strong><span class=\"has-inline-color has-vivid-red-color\">1. Gi\u1edbi thi\u1ec7u Sunshine School: B\u1eaft \u0111\u1ea7u t\u1eeb 2007!<\/span><\/strong><\/p>\r\n\r\n\r\n\r\n<ul class=\"wp-block-list\">\r\n<li><span style=\"text-decoration: underline;\"><strong>2007:<\/strong> <\/span>Nh\u00f3m SUNSHINE chuy\u00ean v\u1ec1 gi\u1ea3i ph\u00e1p c\u00f4ng ngh\u1ec7 \u0111\u01b0\u1ee3c th\u00e0nh l\u1eadp b\u1edfi Phillip v\u00e0 2 ng\u01b0\u1eddi b\u1ea1n h\u1ecdc t\u1ea1i tr\u01b0\u1eddng THPT (\u0110\u1ed3 S\u01a1n), \u0111\u00e3 gi\u00fap nhi\u1ec1u b\u1ea1n b\u00e8 v\u00e0 &#8220;kh\u00e1ch h\u00e0ng&#8221; t\u1ea1i \u0110\u1ed3 S\u01a1n s\u1eeda ch\u1eefa m\u00e1y t\u00ednh, v\u00e0 h\u1ed7 tr\u1ee3 nhi\u1ec1u d\u1ecbch v\u1ee5 ph\u1ea7n m\u1ec1m v\u00e0 c\u00f4ng ngh\u1ec7&#8230; V\u00e0 ch\u00fang t\u00f4i ho\u1ea1t \u0111\u1ed9ng t\u1edbi khi \u00f4n thi l\u1edbp 12 m\u1edbi th\u00f4i&#8230;<\/li>\r\n<\/ul>\r\n<p>&nbsp;<\/p>\r\n<ul>\r\n<li><span style=\"text-decoration: underline;\"><strong>2009-2014:<\/strong> <\/span>Qu\u00e1 tr\u00ecnh h\u1ecdc t\u1eadp v\u00e0 t\u00edch l\u0169y ki\u1ebfn th\u1ee9c c\u0169ng nh\u01b0 chu\u1ea9n b\u1ecb cho m\u1ed9t &#8220;\u01af\u1edbc m\u01a1 gi\u00e1o d\u1ee5c&#8221; c\u1ee7a Phillip c\u0169ng nh\u01b0 2 ng\u01b0\u1eddi b\u1ea1n c\u1ee7a m\u00ecnh&#8230;<\/li>\r\n<\/ul>\r\n<p>&nbsp;<\/p>\r\n<ul>\r\n<li><span style=\"text-decoration: underline;\"><strong>2014-2017:<\/strong> <\/span>Phillip b\u1eaft \u0111\u1ea7u s\u1ee9 m\u1ec7nh gi\u00e1o d\u1ee5c c\u1ee7a m\u00ecnh b\u1eb1ng vi\u1ec7c tr\u1edf th\u00e0nh Gi\u1ea3ng vi\u00ean \u0110\u1ea1i h\u1ecdc, v\u00e0 ngay sau \u0111\u00f3 l\u00e0 Gi\u00e1o vi\u00ean Ti\u1ebfng Anh.<\/li>\r\n<\/ul>\r\n<p>&nbsp;<\/p>\r\n<ul>\r\n<li><span style=\"text-decoration: underline;\"><strong>2017:<\/strong> <\/span>d\u1ef1 \u00e1n SUNSHINE (Ti\u1ebfng Anh \u0110\u1ed3 S\u01a1n) ch\u00ednh th\u1ee9c \u0111\u01b0\u1ee3c th\u00e0nh l\u1eadp, v\u1edbi nh\u1eefng l\u1edbp h\u1ecdc IELTS \u0111\u1ea7u ti\u00ean (ieltsdoson.com &amp; ieltshaiphong.com)<\/li>\r\n<\/ul>\r\n<p>&nbsp;<\/p>\r\n<ul>\r\n<li><span style=\"text-decoration: underline;\"><strong>2018:<\/strong> <\/span>Ch\u00ednh th\u1ee9c th\u00e0nh l\u1eadp Trung t\u00e2m v\u1edbi t\u00ean g\u1ecdi: TRUNG T\u00c2M NGO\u1ea0I NG\u1eee &#8211; TIN H\u1eccC SUNSHINE, v\u1edbi s\u1ee9 m\u1ec7nh gi\u00fap h\u00e0ng ngh\u00ecn ng\u01b0\u1eddi con mi\u1ec1n bi\u1ec3n gi\u1ecfi ngo\u1ea1i ng\u1eef, c\u00f9ng v\u01b0\u01a1n xa ra th\u1ebf gi\u1edbi&#8230;<\/li>\r\n<\/ul>\r\n<p>&nbsp;<\/p>\r\n<ul>\r\n<li><span style=\"text-decoration: underline;\"><strong>2019:<\/strong><\/span> ch\u00fang t\u00f4i c\u00f3 ph\u00e1t tri\u1ec3n ti\u1ebfp theo trong vi\u1ec7c ho\u00e0n thi\u1ec7n h\u1ec7 th\u1ed1ng c\u00f4ng ngh\u1ec7, quy tr\u00ecnh qu\u1ea3n l\u00fd gi\u00e1o d\u1ee5c c\u0169ng nh\u01b0 n\u00e2ng t\u1ea7m s\u1ee9 m\u1ec7nh c\u1ee7a m\u00ecnh cao h\u01a1n n\u1eefa tr\u00ean con \u0111\u01b0\u1eddng gi\u00fap h\u1ecdc sinh chinh ph\u1ee5c ngo\u1ea1i ng\u1eef, l\u00e0m ch\u1ee7 c\u00f4ng ngh\u1ec7, tr\u1edf th\u00e0nh nh\u1eefng c\u00f4ng d\u00e2n to\u00e0n c\u1ea7u, v\u01b0\u01a1n xa ra th\u1ebf gi\u1edbi&#8230;\r\n<ul>\r\n<li>T\u1edbi cu\u1ed1i n\u0103m 2019, s\u01a1 b\u1ed9 trung t\u00e2m \u0111\u00e3 ho\u00e0n thi\u1ec7n \u0111\u01b0\u1ee3c h\u1ec7 th\u1ed1ng quy tr\u00ecnh c\u00f4ng vi\u1ec7c + qu\u1ea3n l\u00fd t\u00ecnh h\u00ecnh h\u1ecdc t\u1eadp c\u1ee7a h\u1ecdc sinh.<\/li>\r\n<li>T\u1ed5 ch\u1ee9c \u0111\u01b0\u1ee3c nhi\u1ec1u S\u1ef1 ki\u1ec7n, Cu\u1ed9c thi, Ngo\u1ea1i kh\u00f3a b\u1ed5 \u00edch, \u00fd ngh\u0129a cho h\u1ecdc sinh v\u00e0 cho \u0111\u1ed9i ng\u0169.<\/li>\r\n<li>\u0110\u1ed9i ng\u0169 kh\u00f4ng ng\u1eebng \u0111\u01b0\u1ee3c \u0111\u00e0o t\u1ea1o &amp; t\u1ef1 \u0111\u00e0o t\u1ea1o, li\u00ean t\u1ee5c h\u1ecdc t\u1eadp v\u00e0 ph\u00e1t tri\u1ec3n theo chu\u1ea9n Qu\u1ed1c t\u1ebf (Ph\u01b0\u01a1ng ph\u00e1p gi\u1ea3ng d\u1ea1y TESOL \u00dac, Ph\u01b0\u01a1ng ph\u00e1p \u0111\u00e1nh gi\u00e1 chu\u1ea9n Cambridge&#8230;)<\/li>\r\n<\/ul>\r\n<\/li>\r\n<\/ul>\r\n<p>&nbsp;<\/p>\r\n<ul>\r\n<li><span style=\"text-decoration: underline;\"><strong>2022-2023:<\/strong> <\/span>ngay sau d\u1ecbch Covid, ch\u00fang t\u00f4i \u0111\u00e3 nhanh ch\u00f3ng h\u1ed3i ph\u1ee5c v\u00e0 ph\u00e1t tri\u1ec3n h\u01a1n, v\u1edbi \u01b0\u1edbc m\u01a1 l\u1edbn h\u01a1n n\u1eefa l\u00e0 m\u1edf r\u1ed9ng quy m\u00f4 ho\u1ea1t \u0111\u1ed9ng ra m\u1ed9t s\u1ed1 Th\u00e0nh ph\u1ed1 kh\u00e1c \u1edf Vi\u1ec7t Nam (b\u1eb1ng h\u00ecnh th\u1ee9c nh\u01b0\u1ee3ng quy\u1ec1n th\u01b0\u01a1ng hi\u1ec7u), \u0111\u1ed3ng th\u1eddi m\u1edf r\u1ed9ng \u0111\u01b0\u1ee3c l\u0129nh v\u1ef1c ho\u1ea1t \u0111\u1ed9ng sang T\u01b0 v\u1ea5n du h\u1ecdc&#8230;\r\n<ul>\r\n<li>Th\u1ea7y Phillip + C\u00f4 Tracey \u0111i h\u1ecdc v\u1ec1 Gi\u00e1o d\u1ee5c, T\u00e2m l\u00fd h\u1ecdc &amp; S\u00e1ng t\u1ea1o &#8211; Kh\u1edfi nghi\u1ec7p t\u1ea1i \u00dac, \u0111\u1ed3ng th\u1eddi ho\u00e0n thi\u1ec7n h\u01a1n v\u1ec1 t\u1ea7m nh\u00ecn, gi\u00e1 tr\u1ecb m\u00e0 Sunshine c\u00f3 th\u1ec3 mang l\u1ea1i cho h\u1ecdc sinh Vi\u1ec7t Nam. T\u1eeb \u0111\u00f3 b\u1eaft \u0111\u1ea7u cho k\u1ebf ho\u1ea1ch &#8220;Sunshine School 2030&#8221;.<\/li>\r\n<li>H\u1ec7 th\u1ed1ng ph\u1ea7n m\u1ec1m Qu\u1ea3n l\u00fd Trung t\u00e2m S-app ch\u00ednh th\u1ee9c v\u1eadn h\u00e0nh \u1ed5n \u0111\u1ecbnh.<\/li>\r\n<li>Khai Tr\u01b0\u01a1ng Trung t\u00e2m Ngo\u1ea1i ng\u1eef &#8211; Tin h\u1ecdc Sunshine c\u01a1 s\u1edf Ki\u1ebfn Th\u1ee5y, HP.\u00a0<\/li>\r\n<li>T\u1ed5 ch\u1ee9c h\u1ed9i th\u1ea3o du h\u1ecdc \u00dac v\u00e0 b\u1eaft \u0111\u1ea7u nh\u1eefng ho\u1ea1t \u0111\u1ed9ng \u0111\u1ea7u ti\u00ean trong l\u0129nh v\u1ef1c du h\u1ecdc (k\u00fd k\u1ebft v\u1edbi 012 Global)<\/li>\r\n<\/ul>\r\n<\/li>\r\n<\/ul>\r\n<p>&nbsp;<\/p>\r\n<ul>\r\n<li><span style=\"text-decoration: underline;\"><strong>2024:<\/strong> <\/span>Ti\u1ebfp t\u1ee5c h\u00e0nh tr\u00ecnh ph\u00e1t tri\u1ec3n Sunshine School, \u0111\u1ecbnh h\u01b0\u1edbng tr\u1edf th\u00e0nh Tr\u01b0\u1eddng Qu\u1ed1c t\u1ebf Sunshine School v\u00e0o n\u0103m 2030&#8230; M\u1ed9t s\u1ed1 th\u00e0nh t\u1ef1u trong 2024:\u00a0\r\n<ul>\r\n<li>Sunshine ch\u00ednh th\u1ee9c k\u00fd k\u1ebft h\u1ee3p \u0111\u1ed3ng h\u1ee3p t\u00e1c trong l\u0129nh v\u1ef1c du h\u1ecdc c\u00f9ng c\u00f4ng ty du h\u1ecdc Sinhan Vina (tr\u1ee5 s\u1edf H\u00e0 N\u1ed9i, v\u0103n ph\u00f2ng t\u1ea1i Sunshine \u1edf H\u1ea3i Ph\u00f2ng + v\u0103n ph\u00f2ng t\u1ea1i Nha Trang);<\/li>\r\n<li>Sunshine c\u00f3 3 th\u1ea7y c\u00f4 ch\u00ednh th\u1ee9c t\u1ed1t nghi\u1ec7p Kh\u00f3a h\u1ecdc Nghi\u1ec7p v\u1ee5 T\u01b0 v\u1ea5n du h\u1ecdc c\u1ee7a H\u1ecdc vi\u1ec7n Qu\u1ea3n l\u00fd Gi\u00e1o d\u1ee5c &amp; Tr\u01b0\u1eddng \u0111\u00e0o t\u1ea1o c\u00e1n b\u1ed9 Qu\u1ea3n l\u00fd HCM: th\u1ea7y Phillip, th\u1ea7y Ph\u00fa, c\u00f4 Tracey.<\/li>\r\n<li>Ho\u00e0n thi\u1ec7n h\u1ec7 th\u1ed1ng qu\u1ea3n l\u00fd k\u1ebf ho\u1ea1ch l\u00e0m vi\u1ec7c nh\u00f3m Xteam<\/li>\r\n<li>R\u00e0 so\u00e1t v\u00e0 chuy\u1ec3n \u0111\u1ed5i th\u00e0nh c\u00f4ng t\u1eeb ch\u01b0\u01a1ng tr\u00ecnh Oxford (Family&amp;Friends) sang ch\u01b0\u01a1ng tr\u00ecnh Cambridge (Kid&#8217;s Box&#8230;).<\/li>\r\n<li>T\u1eadp trung v\u00e0o chu\u1ea9n qu\u1ed1c t\u1ebf Cambridge v\u1edbi 3 ti\u00eau ch\u00ed:\r\n<ul>\r\n<li>B\u00e1m s\u00e1t ch\u01b0\u01a1ng tr\u00ecnh Ti\u1ebfng Anh ph\u1ed5 th\u00f4ng<\/li>\r\n<li>N\u00e2ng cao kh\u1ea3 n\u0103ng giao ti\u1ebfp (t\u1eadp trung h\u01a1n v\u00e0o k\u1ef9 n\u0103ng n\u00f3i &amp; thuy\u1ebft tr\u00ecnh ti\u1ebfng Anh)<\/li>\r\n<li>B\u00e1m s\u00e1t b\u00e0i thi Cambridge (l\u00e0 n\u1ec1n t\u1ea3ng cho b\u00e0i thi IELTS sau n\u00e0y);<\/li>\r\n<\/ul>\r\n<\/li>\r\n<\/ul>\r\n<\/li>\r\n<\/ul>\r\n<p>&nbsp;<\/p>\r\n<ul>\r\n<li><span style=\"text-decoration: underline;\"><strong>2025:<\/strong> <\/span>M\u1edf chi nh\u00e1nh Sunshine Nha Trang, v\u1edbi Trung t\u00e2m Ngo\u1ea1i ng\u1eef &#8211; Tin h\u1ecdc Sunshine Nha Trang, v\u1edbi quy m\u00f4 l\u1edbn h\u01a1n. V\u0103n ph\u00f2ng \u0111i\u1ec1u h\u00e0nh Sunshine s\u1ebd ch\u00ednh th\u1ee9c \u0111\u1eb7t t\u1ea1i Nha Trang, v\u1edbi s\u1ee9 m\u1ec7nh ph\u00e1t tri\u1ec3n h\u1ec7 th\u1ed1ng gi\u00e1o d\u1ee5c t\u1ea1i khu v\u1ef1c Nam Trung B\u1ed9 v\u00e0 Mi\u1ec1n Nam.\r\n<ul>\r\n<li>R\u00e0 so\u00e1t H\u1ec7 th\u1ed1ng, ho\u00e0n thi\u1ec7n Quy tr\u00ecnh cho Sunshine (\u00e1p d\u1ee5ng \u0111\u1ea7u ti\u00ean t\u1ea1i Sunshine \u0110\u1ed3 S\u01a1n)<\/li>\r\n<li>H\u1ec7 th\u1ed1ng m\u1ee5c ti\u00eau, chi\u1ebfn l\u01b0\u1ee3c ph\u00e1t tri\u1ec3n + Ho\u00e0n thi\u1ec7n h\u1ec7 th\u1ed1ng v\u0103n h\u00f3a doanh nghi\u1ec7p &amp; k\u1ebf ho\u1ea1ch ph\u00e1t tri\u1ec3n nh\u00e2n s\u1ef1 giai \u0111o\u1ea1n 2025-2030.<\/li>\r\n<li>H\u1ec7 th\u1ed1ng nh\u01b0\u1ee3ng quy\u1ec1n ho\u00e0n ch\u1ec9nh, s\u1eb5n s\u00e0ng cho vi\u1ec7c m\u1edf Sunshine t\u1ea1i Ph\u00fa Y\u00ean, Ninh Thu\u1eadn, TP.HCM, C\u1ea7n Th\u01a1&#8230;<\/li>\r\n<\/ul>\r\n<\/li>\r\n<\/ul>\r\n<p>&nbsp;<\/p>\r\n<p>&nbsp;<\/p>\r\n\r\n\r\n\r\n<p><strong><span class=\"has-inline-color has-vivid-red-color\">2. Gi\u1edbi thi\u1ec7u v\u1ec1 \u0111\u1ed9i nh\u00f3m (nh\u1eefng th\u00e0nh vi\u00ean ch\u1ee7 ch\u1ed1t)<\/span><\/strong><\/p>\r\n\r\n\r\n\r\n\n\t\t<style>\n\t\t\t#gallery-1 {\n\t\t\t\tmargin: auto;\n\t\t\t}\n\t\t\t#gallery-1 .gallery-item {\n\t\t\t\tfloat: left;\n\t\t\t\tmargin-top: 10px;\n\t\t\t\ttext-align: center;\n\t\t\t\twidth: 33%;\n\t\t\t}\n\t\t\t#gallery-1 img {\n\t\t\t\tborder: 2px solid #cfcfcf;\n\t\t\t}\n\t\t\t#gallery-1 .gallery-caption {\n\t\t\t\tmargin-left: 0;\n\t\t\t}\n\t\t\t\/* see gallery_shortcode() in wp-includes\/media.php *\/\n\t\t<\/style>\n\t\t<div id='gallery-1' class='gallery galleryid-612 gallery-columns-3 gallery-size-thumbnail'><dl class='gallery-item'>\n\t\t\t<dt class='gallery-icon landscape'>\n\t\t\t\t<img loading=\"lazy\" decoding=\"async\" width=\"150\" height=\"150\" src=\"https:\/\/sss.edu.vn\/home\/wp-content\/uploads\/2025\/06\/457150211_8081430525281107_529076703654112517_n-150x150.jpg\" class=\"attachment-thumbnail size-thumbnail\" alt=\"\" aria-describedby=\"gallery-1-1047\" srcset=\"https:\/\/sss.edu.vn\/home\/wp-content\/uploads\/2025\/06\/457150211_8081430525281107_529076703654112517_n-150x150.jpg 150w, https:\/\/sss.edu.vn\/home\/wp-content\/uploads\/2025\/06\/457150211_8081430525281107_529076703654112517_n-300x300.jpg 300w, https:\/\/sss.edu.vn\/home\/wp-content\/uploads\/2025\/06\/457150211_8081430525281107_529076703654112517_n-768x766.jpg 768w, https:\/\/sss.edu.vn\/home\/wp-content\/uploads\/2025\/06\/457150211_8081430525281107_529076703654112517_n-80x80.jpg 80w, https:\/\/sss.edu.vn\/home\/wp-content\/uploads\/2025\/06\/457150211_8081430525281107_529076703654112517_n-320x320.jpg 320w, https:\/\/sss.edu.vn\/home\/wp-content\/uploads\/2025\/06\/457150211_8081430525281107_529076703654112517_n.jpg 960w\" sizes=\"auto, (max-width: 150px) 100vw, 150px\" \/>\n\t\t\t<\/dt>\n\t\t\t\t<dd class='wp-caption-text gallery-caption' id='gallery-1-1047'>\n\t\t\t\tPhillip Nguyen (Founder &#038; CEO) &#8211; Master of Information Technology, International Lecturer &#038; Teacher \n\t\t\t\t<\/dd><\/dl><dl class='gallery-item'>\n\t\t\t<dt class='gallery-icon portrait'>\n\t\t\t\t<img loading=\"lazy\" decoding=\"async\" width=\"150\" height=\"150\" src=\"https:\/\/sss.edu.vn\/home\/wp-content\/uploads\/2025\/06\/Screen-Shot-2025-06-20-at-13.38.15-150x150.png\" class=\"attachment-thumbnail size-thumbnail\" alt=\"\" aria-describedby=\"gallery-1-1046\" srcset=\"https:\/\/sss.edu.vn\/home\/wp-content\/uploads\/2025\/06\/Screen-Shot-2025-06-20-at-13.38.15-150x150.png 150w, https:\/\/sss.edu.vn\/home\/wp-content\/uploads\/2025\/06\/Screen-Shot-2025-06-20-at-13.38.15-80x80.png 80w, https:\/\/sss.edu.vn\/home\/wp-content\/uploads\/2025\/06\/Screen-Shot-2025-06-20-at-13.38.15-320x320.png 320w\" sizes=\"auto, (max-width: 150px) 100vw, 150px\" \/>\n\t\t\t<\/dt>\n\t\t\t\t<dd class='wp-caption-text gallery-caption' id='gallery-1-1046'>\n\t\t\t\t<a href=\"https:\/\/sss.edu.vn\/home\/bui-quang-dai-nguoi-dong-sang-lap-am-tham-nhung-khong-the-thieu\">B\u00f9i Quang \u0110\u1ea1i (Co-Founder) &#8211; Software &#038; Marketing Expert<\/a>\n\t\t\t\t<\/dd><\/dl><dl class='gallery-item'>\n\t\t\t<dt class='gallery-icon portrait'>\n\t\t\t\t<img loading=\"lazy\" decoding=\"async\" width=\"150\" height=\"150\" src=\"https:\/\/sss.edu.vn\/home\/wp-content\/uploads\/2025\/06\/Screen-Shot-2025-06-20-at-13.37.18-150x150.png\" class=\"attachment-thumbnail size-thumbnail\" alt=\"\" aria-describedby=\"gallery-1-1043\" srcset=\"https:\/\/sss.edu.vn\/home\/wp-content\/uploads\/2025\/06\/Screen-Shot-2025-06-20-at-13.37.18-150x150.png 150w, https:\/\/sss.edu.vn\/home\/wp-content\/uploads\/2025\/06\/Screen-Shot-2025-06-20-at-13.37.18-80x80.png 80w, https:\/\/sss.edu.vn\/home\/wp-content\/uploads\/2025\/06\/Screen-Shot-2025-06-20-at-13.37.18-320x320.png 320w\" sizes=\"auto, (max-width: 150px) 100vw, 150px\" \/>\n\t\t\t<\/dt>\n\t\t\t\t<dd class='wp-caption-text gallery-caption' id='gallery-1-1043'>\n\t\t\t\t<a href=\"https:\/\/sss.edu.vn\/home\/nguyen-thi-huong-nguoi-giu-nhip-trai-tim-cua-sunshine\">Nguy\u1ec5n Th\u1ecb H\u01b0\u01a1ng (Deputy Manager) &#8211; Business &#038; Adminstration Expert<\/a>\n\t\t\t\t<\/dd><\/dl><br style=\"clear: both\" \/><dl class='gallery-item'>\n\t\t\t<dt class='gallery-icon landscape'>\n\t\t\t\t<img loading=\"lazy\" decoding=\"async\" width=\"150\" height=\"150\" src=\"https:\/\/sss.edu.vn\/home\/wp-content\/uploads\/2025\/06\/Screen-Shot-2025-06-20-at-13.35.07-150x150.png\" class=\"attachment-thumbnail size-thumbnail\" alt=\"\" aria-describedby=\"gallery-1-1044\" srcset=\"https:\/\/sss.edu.vn\/home\/wp-content\/uploads\/2025\/06\/Screen-Shot-2025-06-20-at-13.35.07-150x150.png 150w, https:\/\/sss.edu.vn\/home\/wp-content\/uploads\/2025\/06\/Screen-Shot-2025-06-20-at-13.35.07-80x80.png 80w, https:\/\/sss.edu.vn\/home\/wp-content\/uploads\/2025\/06\/Screen-Shot-2025-06-20-at-13.35.07-320x320.png 320w\" sizes=\"auto, (max-width: 150px) 100vw, 150px\" \/>\n\t\t\t<\/dt>\n\t\t\t\t<dd class='wp-caption-text gallery-caption' id='gallery-1-1044'>\n\t\t\t\t<a href=\"https:\/\/sss.edu.vn\/home\/co-giao-dinh-diep-anh-annie-gen-z-nhiet-huyet-va-truyen-cam-hung\">Annie \u0110inh Di\u1ec7p Anh (Teacher) &#8211; International TESOL Teacher<\/a>\n\t\t\t\t<\/dd><\/dl><dl class='gallery-item'>\n\t\t\t<dt class='gallery-icon portrait'>\n\t\t\t\t<img loading=\"lazy\" decoding=\"async\" width=\"150\" height=\"150\" src=\"https:\/\/sss.edu.vn\/home\/wp-content\/uploads\/2025\/06\/Screen-Shot-2025-06-20-at-13.44.01-150x150.png\" class=\"attachment-thumbnail size-thumbnail\" alt=\"\" aria-describedby=\"gallery-1-1048\" srcset=\"https:\/\/sss.edu.vn\/home\/wp-content\/uploads\/2025\/06\/Screen-Shot-2025-06-20-at-13.44.01-150x150.png 150w, https:\/\/sss.edu.vn\/home\/wp-content\/uploads\/2025\/06\/Screen-Shot-2025-06-20-at-13.44.01-80x80.png 80w, https:\/\/sss.edu.vn\/home\/wp-content\/uploads\/2025\/06\/Screen-Shot-2025-06-20-at-13.44.01-320x320.png 320w\" sizes=\"auto, (max-width: 150px) 100vw, 150px\" \/>\n\t\t\t<\/dt>\n\t\t\t\t<dd class='wp-caption-text gallery-caption' id='gallery-1-1048'>\n\t\t\t\tMia (Teacher)\n\t\t\t\t<\/dd><\/dl><dl class='gallery-item'>\n\t\t\t<dt class='gallery-icon landscape'>\n\t\t\t\t<img loading=\"lazy\" decoding=\"async\" width=\"150\" height=\"150\" src=\"https:\/\/sss.edu.vn\/home\/wp-content\/uploads\/2025\/06\/Screen-Shot-2025-06-20-at-13.41.28-150x150.png\" class=\"attachment-thumbnail size-thumbnail\" alt=\"\" aria-describedby=\"gallery-1-1049\" srcset=\"https:\/\/sss.edu.vn\/home\/wp-content\/uploads\/2025\/06\/Screen-Shot-2025-06-20-at-13.41.28-150x150.png 150w, https:\/\/sss.edu.vn\/home\/wp-content\/uploads\/2025\/06\/Screen-Shot-2025-06-20-at-13.41.28-80x80.png 80w, https:\/\/sss.edu.vn\/home\/wp-content\/uploads\/2025\/06\/Screen-Shot-2025-06-20-at-13.41.28-320x320.png 320w\" sizes=\"auto, (max-width: 150px) 100vw, 150px\" \/>\n\t\t\t<\/dt>\n\t\t\t\t<dd class='wp-caption-text gallery-caption' id='gallery-1-1049'>\n\t\t\t\tRobert (Teacher) &#8211; Master of Information Technology, Master of Physics, Internaltional TESOL Teacher\n\t\t\t\t<\/dd><\/dl><br style=\"clear: both\" \/><dl class='gallery-item'>\n\t\t\t<dt class='gallery-icon portrait'>\n\t\t\t\t<img loading=\"lazy\" decoding=\"async\" width=\"150\" height=\"150\" src=\"https:\/\/sss.edu.vn\/home\/wp-content\/uploads\/2025\/06\/Screen-Shot-2025-06-20-at-13.38.57-150x150.png\" class=\"attachment-thumbnail size-thumbnail\" alt=\"\" aria-describedby=\"gallery-1-1045\" srcset=\"https:\/\/sss.edu.vn\/home\/wp-content\/uploads\/2025\/06\/Screen-Shot-2025-06-20-at-13.38.57-150x150.png 150w, https:\/\/sss.edu.vn\/home\/wp-content\/uploads\/2025\/06\/Screen-Shot-2025-06-20-at-13.38.57-80x80.png 80w, https:\/\/sss.edu.vn\/home\/wp-content\/uploads\/2025\/06\/Screen-Shot-2025-06-20-at-13.38.57-320x320.png 320w\" sizes=\"auto, (max-width: 150px) 100vw, 150px\" \/>\n\t\t\t<\/dt>\n\t\t\t\t<dd class='wp-caption-text gallery-caption' id='gallery-1-1045'>\n\t\t\t\tTracey Tr\u01b0\u01a1ng Thu Trang\n\t\t\t\t<\/dd><\/dl><dl class='gallery-item'>\n\t\t\t<dt class='gallery-icon portrait'>\n\t\t\t\t<img loading=\"lazy\" decoding=\"async\" width=\"150\" height=\"150\" src=\"https:\/\/sss.edu.vn\/home\/wp-content\/uploads\/2025\/06\/Screen-Shot-2025-06-20-at-13.44.53-150x150.png\" class=\"attachment-thumbnail size-thumbnail\" alt=\"\" aria-describedby=\"gallery-1-1050\" srcset=\"https:\/\/sss.edu.vn\/home\/wp-content\/uploads\/2025\/06\/Screen-Shot-2025-06-20-at-13.44.53-150x150.png 150w, https:\/\/sss.edu.vn\/home\/wp-content\/uploads\/2025\/06\/Screen-Shot-2025-06-20-at-13.44.53-80x80.png 80w, https:\/\/sss.edu.vn\/home\/wp-content\/uploads\/2025\/06\/Screen-Shot-2025-06-20-at-13.44.53-320x320.png 320w\" sizes=\"auto, (max-width: 150px) 100vw, 150px\" \/>\n\t\t\t<\/dt>\n\t\t\t\t<dd class='wp-caption-text gallery-caption' id='gallery-1-1050'>\n\t\t\t\t<a href=\"https:\/\/sss.edu.vn\/home\/thay-dinh-xuan-phu-nguoi-ket-noi-nguoi-gieo-hat-mam-van-hoa-doanh-nghiep\">\u0110inh Xu\u00e2n Ph\u00fa<\/a>\n\t\t\t\t<\/dd><\/dl><dl class='gallery-item'>\n\t\t\t<dt class='gallery-icon portrait'>\n\t\t\t\t<img loading=\"lazy\" decoding=\"async\" width=\"150\" height=\"150\" src=\"https:\/\/sss.edu.vn\/home\/wp-content\/uploads\/2025\/06\/Screen-Shot-2025-06-20-at-13.47.56-150x150.png\" class=\"attachment-thumbnail size-thumbnail\" alt=\"\" aria-describedby=\"gallery-1-1051\" srcset=\"https:\/\/sss.edu.vn\/home\/wp-content\/uploads\/2025\/06\/Screen-Shot-2025-06-20-at-13.47.56-150x150.png 150w, https:\/\/sss.edu.vn\/home\/wp-content\/uploads\/2025\/06\/Screen-Shot-2025-06-20-at-13.47.56-80x80.png 80w, https:\/\/sss.edu.vn\/home\/wp-content\/uploads\/2025\/06\/Screen-Shot-2025-06-20-at-13.47.56-320x320.png 320w\" sizes=\"auto, (max-width: 150px) 100vw, 150px\" \/>\n\t\t\t<\/dt>\n\t\t\t\t<dd class='wp-caption-text gallery-caption' id='gallery-1-1051'>\n\t\t\t\tNg\u00f4 Th\u1ecb Kh\u00e1nh D\u01b0\u01a1ng\n\t\t\t\t<\/dd><\/dl><br style=\"clear: both\" \/>\n\t\t<\/div>\n\r\n\r\n\r\n\r\n<p>&nbsp;<\/p>\r\n\r\n\r\n\r\n<p><strong><span class=\"has-inline-color has-vivid-red-color\">3. C\u00e1c s\u1ea3n ph\u1ea9m<\/span><\/strong><\/p>\r\n\r\n\r\n\r\n<p><strong><span class=\"has-inline-color has-vivid-red-color\">3.1. \u0110\u00c0O T\u1ea0O NGO\u1ea0I NG\u1eee:\u00a0<\/span><\/strong><\/p>\r\n\r\n\r\n\r\n<ul class=\"wp-block-list\">\r\n<li>Ti\u1ebfng Anh Tr\u1ebb Em + H\u1ecdc sinh (t\u1eeb 4-15 tu\u1ed5i).<\/li>\r\n<li>Ti\u1ebfng Anh Giao ti\u1ebfp, Ti\u1ebfng Trung giao ti\u1ebfp, Ti\u1ebfng H\u00e0n giao ti\u1ebfp.\u00a0<\/li>\r\n<li>\u0110\u00e0o t\u1ea1o Ti\u1ebfng Anh cho Doanh nghi\u1ec7p: Cty Du l\u1ecbch, Kh\u00e1ch s\u1ea1n, B\u1ec7nh vi\u1ec7n, H\u00e0ng h\u1ea3i&#8230;<\/li>\r\n<li>Ti\u1ebfng Anh Online 1:1 (h\u1ecdc sinh t\u1eeb 6-15 tu\u1ed5i).\u00a0<\/li>\r\n<li>IELTS Online 1:8 Cam k\u1ebft \u0111\u1ea7u ra.\u00a0<\/li>\r\n<\/ul>\r\n\r\n\r\n\r\n<p><strong><span class=\"has-inline-color has-vivid-red-color\">3.2. C\u00d4NG NGH\u1ec6 TH\u00d4NG TIN<\/span><\/strong><\/p>\r\n\r\n\r\n\r\n<ul class=\"wp-block-list\">\r\n<li>Gi\u1ea3ng d\u1ea1y v\u1ec1 Tin h\u1ecdc.<\/li>\r\n<li>\u1ee8ng d\u1ee5ng CNTT v\u00e0o ho\u1ea1t \u0111\u1ed9ng D\u1ea1y v\u00e0 H\u1ecdc + Ki\u1ec3m tra, \u0111\u00e1nh gi\u00e1: C\u00e1c gi\u1ea3i ph\u00e1p ph\u1ea7n m\u1ec1m qu\u1ea3n l\u00fd trung t\u00e2m; Website gi\u00e1o d\u1ee5c; H\u1ec7 th\u1ed1ng e-learning&#8230;\u00a0<\/li>\r\n<li>\u1ee8ng d\u1ee5ng CNTT trong c\u00e1c ho\u1ea1t \u0111\u1ed9ng c\u1ee7a Doanh nghi\u1ec7p, cung c\u1ea5p gi\u1ea3i ph\u00e1p cho c\u00e1c doanh nghi\u1ec7p nh\u1ecf<\/li>\r\n<\/ul>\r\n\r\n\r\n\r\n\r\n\r\n<p><strong><span class=\"has-inline-color has-vivid-red-color\">3.3. QU\u1ed0C T\u1ebe<\/span><\/strong><\/p>\r\n\r\n\r\n\r\n<ul class=\"wp-block-list\">\r\n<li>Du h\u1ecdc: \u00dac, \u0110\u1ee9c, H\u00e0n, Trung Qu\u1ed1c&#8230;<\/li>\r\n<li>Tr\u1ea1i h\u00e8 Qu\u1ed1c t\u1ebf + Trao \u0111\u1ed5i h\u1ecdc sinh, gi\u00e1o vi\u00ean&#8230;<\/li>\r\n<\/ul>\r\n<p>&nbsp;<\/p>\r\n\r\n\r\n\r\n\r\n\r\n<p><strong><span class=\"has-inline-color has-vivid-red-color\">4. H\u1ee3p t\u00e1c v\u00e0 tham gia v\u00e0o d\u1ef1 \u00e1n:<\/span><\/strong><\/p>\r\n\r\n\r\n\r\n<ul class=\"wp-block-list\">\r\n<li>\u0110\u0103ng k\u00fd tham gia c\u00e1c ho\u1ea1t \u0111\u1ed9ng, CLB h\u1ed7 tr\u1ee3 v\u1ec1 vi\u1ec7c h\u1ecdc ti\u1ebfng Anh (ho\u1ea1t \u0111\u1ed9ng c\u1ed9ng \u0111\u1ed3ng)<\/li>\r\n<li>Tham gia C\u1ed9ng t\u00e1c vi\u00ean: \u0110\u1ea1i s\u1ee9 gi\u00e1o d\u1ee5c, G\u01b0\u01a1ng m\u1eb7t \u0111\u1ea1i di\u1ec7n&#8230;<\/li>\r\n<li>Th\u1ef1c t\u1eadp sinh c\u00e1c v\u1ecb tr\u00ed (ph\u00f9 h\u1ee3p v\u1edbi sinh vi\u00ean \u0111\u1ea1i h\u1ecdc, cao \u0111\u1eb3ng th\u1ef1c t\u1eadp t\u1ed1t nghi\u1ec7p): Tr\u1ee3 gi\u1ea3ng, Gi\u00e1o vi\u00ean th\u1ef1c t\u1eadp, Thi\u1ebft k\u1ebf v\u00e0 qu\u1ea3n tr\u1ecb website&#8230;<\/li>\r\n<li>M\u1ede R\u1ed8NG H\u1ec6 TH\u1ed0NG: H\u1ee2P T\u00c1C, NH\u01af\u1ee2NG QUY\u1ec0N&#8230;<\/li>\r\n<\/ul>\r\n\r\n\r\n\r\n<p>&nbsp;<\/p>\r\n\r\n\r\n\r\n<p><strong><span class=\"has-inline-color has-vivid-red-color\">Li\u00ean h\u1ec7: <\/span><\/strong><\/p>\r\n<ul>\r\n<li><span class=\"has-inline-color has-vivid-red-color\">Hotline<\/span> O788.O6.7999<\/li>\r\n<li>Email: contact@sss.edu.vn<\/li>\r\n<li>Website: sss.edu.vn<\/li>\r\n<\/ul>\r\n\r\n\r\n","protected":false},"excerpt":{"rendered":"<p>1. Gi\u1edbi thi\u1ec7u Sunshine School: B\u1eaft \u0111\u1ea7u t\u1eeb 2007! 2007: Nh\u00f3m SUNSHINE chuy\u00ean v\u1ec1 gi\u1ea3i ph\u00e1p c\u00f4ng ngh\u1ec7 \u0111\u01b0\u1ee3c th\u00e0nh l\u1eadp b\u1edfi Phillip v\u00e0 2 ng\u01b0\u1eddi b\u1ea1n h\u1ecdc t\u1ea1i tr\u01b0\u1eddng THPT (\u0110\u1ed3 S\u01a1n), \u0111\u00e3&#46;&#46;&#46;<\/p>\n","protected":false},"author":1,"featured_media":588,"parent":0,"menu_order":0,"comment_status":"closed","ping_status":"closed","template":"","meta":{"footnotes":""},"class_list":["post-612","page","type-page","status-publish","has-post-thumbnail","hentry"],"_links":{"self":[{"href":"https:\/\/sss.edu.vn\/home\/wp-json\/wp\/v2\/pages\/612","targetHints":{"allow":["GET"]}}],"collection":[{"href":"https:\/\/sss.edu.vn\/home\/wp-json\/wp\/v2\/pages"}],"about":[{"href":"https:\/\/sss.edu.vn\/home\/wp-json\/wp\/v2\/types\/page"}],"author":[{"embeddable":true,"href":"https:\/\/sss.edu.vn\/home\/wp-json\/wp\/v2\/users\/1"}],"replies":[{"embeddable":true,"href":"https:\/\/sss.edu.vn\/home\/wp-json\/wp\/v2\/comments?post=612"}],"version-history":[{"count":18,"href":"https:\/\/sss.edu.vn\/home\/wp-json\/wp\/v2\/pages\/612\/revisions"}],"predecessor-version":[{"id":1392,"href":"https:\/\/sss.edu.vn\/home\/wp-json\/wp\/v2\/pages\/612\/revisions\/1392"}],"wp:featuredmedia":[{"embeddable":true,"href":"https:\/\/sss.edu.vn\/home\/wp-json\/wp\/v2\/media\/588"}],"wp:attachment":[{"href":"https:\/\/sss.edu.vn\/home\/wp-json\/wp\/v2\/media?parent=612"}],"curies":[{"name":"wp","href":"https:\/\/api.w.org\/{rel}","templated":true}]}}